{"id":592,"date":"2020-01-03T02:09:28","date_gmt":"2020-01-03T02:09:28","guid":{"rendered":"http:\/\/biscuit-maker.com\/?page_id=30"},"modified":"2024-05-16T15:44:26","modified_gmt":"2024-05-16T07:44:26","slug":"homepage","status":"publish","type":"page","link":"https:\/\/ice-cream-cones.com\/vi\/","title":{"rendered":"Trang ch\u1ee7"},"content":{"rendered":"<div data-elementor-type=\"wp-page\" data-elementor-id=\"592\" class=\"elementor elementor-592\" data-elementor-post-type=\"page\"> \t\t\t\t<div class=\"elementor-element elementor-element-8794582 e-flex e-con-boxed e-con e-parent\" data-id=\"8794582\" data-element_type=\"container\" data-e-type=\"container\" data-settings=\"{&quot;background_background&quot;:&quot;classic&quot;}\"> \t\t\t\t\t<div class=\"e-con-inner\"> \t\t\t\t<div class=\"elementor-element elementor-element-5f16b84 elementor-widget elementor-widget-heading\" data-id=\"5f16b84\" data-element_type=\"widget\" data-e-type=\"widget\" data-widget_type=\"heading.default\"> \t\t\t\t\t<h5 class=\"elementor-heading-title elementor-size-default\">taizy\u00ae<\/h5>\t\t\t\t<\/div> \t\t\t\t<div class=\"elementor-element elementor-element-0830475 elementor-widget elementor-widget-heading\" data-id=\"0830475\" data-element_type=\"widget\" data-e-type=\"widget\" data-widget_type=\"heading.default\"> \t\t\t\t\t<h2 class=\"elementor-heading-title elementor-size-default\">Nh\u00e0 s\u1ea3n xu\u1ea5t m\u00e1y l\u00e0m kem \u1ed1c qu\u1ebf chuy\u00ean nghi\u1ec7p <\/h2>\t\t\t\t<\/div> \t\t\t\t<div class=\"elementor-element elementor-element-2bb64cf elementor-widget elementor-widget-text-editor\" data-id=\"2bb64cf\" data-element_type=\"widget\" data-e-type=\"widget\" data-widget_type=\"text-editor.default\"> \t\t\t\t\t\t\t\t\t<p>Ch\u00fang t\u00f4i chuy\u00ean ph\u00e1t tri\u1ec3n v\u00e0 s\u1ea3n xu\u1ea5t m\u00e1y m\u00f3c l\u00e0m kem \u1ed1c qu\u1ebf, vui l\u00f2ng \u0111\u00e0m ph\u00e1n v\u00e0 g\u1eedi y\u00eau c\u1ea7u cho ch\u00fang t\u00f4i<\/p>\t\t\t\t\t\t\t\t<\/div> \t\t\t\t\t<\/div> \t\t\t\t<\/div> \t\t<div class=\"elementor-element elementor-element-14639e4 e-flex e-con-boxed e-con e-parent\" data-id=\"14639e4\" data-element_type=\"container\" data-e-type=\"container\"> \t\t\t\t\t<div class=\"e-con-inner\"> \t\t\t\t<div class=\"elementor-element elementor-element-b704b23 elementor-widget__width-initial elementor-widget elementor-widget-text-editor\" data-id=\"b704b23\" data-element_type=\"widget\" data-e-type=\"widget\" data-widget_type=\"text-editor.default\"> \t\t\t\t\t\t\t\t\t<p>Zhengzhou Taizy Machinery Co., Ltd. Chuy\u00ean s\u1ea3n xu\u1ea5t m\u00e1y cho t\u1ea5t c\u1ea3 c\u00e1c lo\u1ea1i m\u00e1y h\u00ecnh n\u00f3n.<\/p><p>C\u00f4ng ty ch\u00fang t\u00f4i l\u1ea5y d\u1ecbch v\u1ee5 kh\u00e1ch h\u00e0ng l\u00e0m m\u1ee5c \u0111\u00edch, c\u00f4ng ty ch\u00fang t\u00f4i cam k\u1ebft cung c\u1ea5p cho kh\u00e1ch h\u00e0ng d\u1ecbch v\u1ee5 to\u00e0n di\u1ec7n. Ngo\u00e0i vi\u1ec7c cung c\u1ea5p c\u00e1c chi ti\u1ebft m\u00e1y chuy\u00ean nghi\u1ec7p, ch\u00fang t\u00f4i c\u00f2n c\u00f3 th\u1ec3 cung c\u1ea5p cho kh\u00e1ch h\u00e0ng c\u00e1c d\u1ecbch v\u1ee5 to\u00e0n di\u1ec7n nh\u01b0 gi\u1ea3i ph\u00e1p x\u00e2y d\u1ef1ng nh\u00e0 m\u00e1y v\u00e0 ph\u00e2n t\u00edch th\u1ecb tr\u01b0\u1eddng.<\/p>\t\t\t\t\t\t\t\t<\/div> \t\t\t\t<div class=\"elementor-element elementor-element-bcf5393 elementor-widget elementor-widget-image\" data-id=\"bcf5393\" data-element_type=\"widget\" data-e-type=\"widget\" data-widget_type=\"image.default\"> \t\t\t\t\t\t\t\t\t\t\t\t\t\t\t<img fetchpriority=\"high\" decoding=\"async\" width=\"720\" height=\"540\" src=\"https:\/\/ice-cream-cones.com\/wp-content\/uploads\/2020\/08\/cone-factory-show.jpg\" class=\"attachment-large size-large wp-image-805\" alt=\"Tri\u1ec3n l\u00e3m nh\u00e0 m\u00e1y kem h\u00ecnh n\u00f3n\" srcset=\"https:\/\/ice-cream-cones.com\/wp-content\/uploads\/2020\/08\/cone-factory-show.jpg 720w, https:\/\/ice-cream-cones.com\/wp-content\/uploads\/2020\/08\/cone-factory-show-400x300.jpg 400w\" sizes=\"(max-width: 720px) 100vw, 720px\" title=\"\">\t\t\t\t\t\t\t\t\t\t\t\t\t\t\t<\/div> \t\t\t\t\t<\/div> \t\t\t\t<\/div> \t\t<div class=\"elementor-element elementor-element-d070645 e-flex e-con-boxed e-con e-parent\" data-id=\"d070645\" data-element_type=\"container\" data-e-type=\"container\"> \t\t\t\t\t<div class=\"e-con-inner\"> \t\t\t\t<div class=\"elementor-element elementor-element-d1416dd elementor-widget elementor-widget-heading\" data-id=\"d1416dd\" data-element_type=\"widget\" data-e-type=\"widget\" data-widget_type=\"heading.default\"> \t\t\t\t\t<h2 class=\"elementor-heading-title elementor-size-xxl\">Trung t\u00e2m s\u1ea3n ph\u1ea9m<\/h2>\t\t\t\t<\/div> \t\t\t\t<div class=\"elementor-element elementor-element-d577b9d elementor-widget-divider--view-line elementor-widget elementor-widget-divider\" data-id=\"d577b9d\" data-element_type=\"widget\" data-e-type=\"widget\" data-widget_type=\"divider.default\"> \t\t\t\t\t\t\t<div class=\"elementor-divider\"> \t\t\t<span class=\"elementor-divider-separator\"> \t\t\t\t\t\t<\/span> \t\t<\/div> \t\t\t\t\t\t<\/div> \t\t\t\t<div class=\"elementor-element elementor-element-84ee350 elementor-grid-2 elementor-posts--align-center elementor-grid-tablet-2 elementor-grid-mobile-1 elementor-posts--thumbnail-top elementor-widget elementor-widget-posts\" data-id=\"84ee350\" data-element_type=\"widget\" data-e-type=\"widget\" data-settings=\"{&quot;classic_columns&quot;:&quot;2&quot;,&quot;classic_columns_tablet&quot;:&quot;2&quot;,&quot;classic_columns_mobile&quot;:&quot;1&quot;,&quot;classic_row_gap&quot;:{&quot;unit&quot;:&quot;px&quot;,&quot;size&quot;:35,&quot;sizes&quot;:[]},&quot;classic_row_gap_tablet&quot;:{&quot;unit&quot;:&quot;px&quot;,&quot;size&quot;:&quot;&quot;,&quot;sizes&quot;:[]},&quot;classic_row_gap_mobile&quot;:{&quot;unit&quot;:&quot;px&quot;,&quot;size&quot;:&quot;&quot;,&quot;sizes&quot;:[]}}\" data-widget_type=\"posts.classic\"> \t\t\t\t<div class=\"elementor-widget-container\"> \t\t\t\t\t\t\t<div class=\"elementor-posts-container elementor-posts elementor-posts--skin-classic elementor-grid\" role=\"list\"> \t\t\t\t<article class=\"elementor-post elementor-grid-item post-1048 post type-post status-publish format-standard has-post-thumbnail hentry category-products tag-commercial-soft-serve-machine tag-soft-ice-cream tag-soft-ice-cream-maker tag-soft-serve-ice-cream-machine\" role=\"listitem\"> \t\t\t\t<a class=\"elementor-post__thumbnail__link\" href=\"https:\/\/ice-cream-cones.com\/vi\/best-commercial-soft-serve-ice-cream-machine-2\/\" tabindex=\"-1\" > \t\t\t<div class=\"elementor-post__thumbnail\"><img decoding=\"async\" width=\"720\" height=\"540\" src=\"https:\/\/ice-cream-cones.com\/wp-content\/uploads\/2021\/05\/commercial-soft-serve-ice-cream-machine.jpg\" class=\"attachment-full size-full wp-image-1083\" alt=\"m\u00e1y l\u00e0m kem m\u1ec1m th\u01b0\u01a1ng m\u1ea1i\" title=\"\" srcset=\"https:\/\/ice-cream-cones.com\/wp-content\/uploads\/2021\/05\/commercial-soft-serve-ice-cream-machine.jpg 720w, https:\/\/ice-cream-cones.com\/wp-content\/uploads\/2021\/05\/commercial-soft-serve-ice-cream-machine-400x300.jpg 400w\" sizes=\"(max-width: 720px) 100vw, 720px\" \/><\/div> \t\t<\/a> \t\t\t\t<div class=\"elementor-post__text\"> \t\t\t\t<h3 class=\"elementor-post__title\"> \t\t\t<a href=\"https:\/\/ice-cream-cones.com\/vi\/best-commercial-soft-serve-ice-cream-machine-2\/\" > \t\t\t\tM\u00e1y l\u00e0m kem m\u1ec1m th\u01b0\u01a1ng m\u1ea1i t\u1ed1t nh\u1ea5t | M\u00e1y l\u00e0m kem m\u1ec1m chuy\u00ean nghi\u1ec7p\t\t\t<\/a> \t\t<\/h3> \t\t\t\t<\/div> \t\t\t\t<\/article> \t\t\t\t<article class=\"elementor-post elementor-grid-item post-1053 post type-post status-publish format-standard has-post-thumbnail hentry category-products tag-batch-ice-cream-freezer tag-commercial-ice-cream-freezer tag-gelato-making-equipment tag-hard-ice-cream-machine\" role=\"listitem\"> \t\t\t\t<a class=\"elementor-post__thumbnail__link\" href=\"https:\/\/ice-cream-cones.com\/vi\/hard-ice-cream-maker\/\" tabindex=\"-1\" > \t\t\t<div class=\"elementor-post__thumbnail\"><img decoding=\"async\" width=\"720\" height=\"540\" src=\"https:\/\/ice-cream-cones.com\/wp-content\/uploads\/2021\/05\/commercial-hard-ice-cream-machine.jpg\" class=\"attachment-full size-full wp-image-1092\" alt=\"m\u00e1y l\u00e0m kem c\u1ee9ng\" title=\"\" srcset=\"https:\/\/ice-cream-cones.com\/wp-content\/uploads\/2021\/05\/commercial-hard-ice-cream-machine.jpg 720w, https:\/\/ice-cream-cones.com\/wp-content\/uploads\/2021\/05\/commercial-hard-ice-cream-machine-400x300.jpg 400w\" sizes=\"(max-width: 720px) 100vw, 720px\" \/><\/div> \t\t<\/a> \t\t\t\t<div class=\"elementor-post__text\"> \t\t\t\t<h3 class=\"elementor-post__title\"> \t\t\t<a href=\"https:\/\/ice-cream-cones.com\/vi\/hard-ice-cream-maker\/\" > \t\t\t\tM\u00e1y l\u00e0m kem c\u1ee9ng th\u01b0\u01a1ng m\u1ea1i | Thi\u1ebft b\u1ecb l\u00e0m gelato\t\t\t<\/a> \t\t<\/h3> \t\t\t\t<\/div> \t\t\t\t<\/article> \t\t\t\t<article class=\"elementor-post elementor-grid-item post-979 post type-post status-publish format-standard has-post-thumbnail hentry category-products tag-ice-cream-filling-machine\" role=\"listitem\"> \t\t\t\t<a class=\"elementor-post__thumbnail__link\" href=\"https:\/\/ice-cream-cones.com\/vi\/rotary-ice-cream-cup-and-cone-filling-machine\/\" tabindex=\"-1\" > \t\t\t<div class=\"elementor-post__thumbnail\"><img loading=\"lazy\" decoding=\"async\" width=\"720\" height=\"540\" src=\"https:\/\/ice-cream-cones.com\/wp-content\/uploads\/2021\/04\/Rotary-ice-cream-cone-and-cup-filling-machine.jpg\" class=\"attachment-full size-full wp-image-988\" alt=\"m\u00e1y l\u00e0m kem\" title=\"\" srcset=\"https:\/\/ice-cream-cones.com\/wp-content\/uploads\/2021\/04\/Rotary-ice-cream-cone-and-cup-filling-machine.jpg 720w, https:\/\/ice-cream-cones.com\/wp-content\/uploads\/2021\/04\/Rotary-ice-cream-cone-and-cup-filling-machine-400x300.jpg 400w\" sizes=\"(max-width: 720px) 100vw, 720px\" \/><\/div> \t\t<\/a> \t\t\t\t<div class=\"elementor-post__text\"> \t\t\t\t<h3 class=\"elementor-post__title\"> \t\t\t<a href=\"https:\/\/ice-cream-cones.com\/vi\/rotary-ice-cream-cup-and-cone-filling-machine\/\" > \t\t\t\tM\u00e1y l\u00e0m kem h\u00ecnh n\u00f3n v\u00e0 c\u1ed1c kem quay\t\t\t<\/a> \t\t<\/h3> \t\t\t\t<\/div> \t\t\t\t<\/article> \t\t\t\t<article class=\"elementor-post elementor-grid-item post-977 post type-post status-publish format-standard has-post-thumbnail hentry category-products tag-continuous-ice-cream-freezer\" role=\"listitem\"> \t\t\t\t<a class=\"elementor-post__thumbnail__link\" href=\"https:\/\/ice-cream-cones.com\/vi\/continuous-ice-cream-freezer\/\" tabindex=\"-1\" > \t\t\t<div class=\"elementor-post__thumbnail\"><img loading=\"lazy\" decoding=\"async\" width=\"720\" height=\"540\" src=\"https:\/\/ice-cream-cones.com\/wp-content\/uploads\/2021\/04\/freezer.jpg\" class=\"attachment-full size-full wp-image-1140\" alt=\"t\u1ee7 \u0111\u00f4ng kem\" title=\"\" srcset=\"https:\/\/ice-cream-cones.com\/wp-content\/uploads\/2021\/04\/freezer.jpg 720w, https:\/\/ice-cream-cones.com\/wp-content\/uploads\/2021\/04\/freezer-400x300.jpg 400w\" sizes=\"(max-width: 720px) 100vw, 720px\" \/><\/div> \t\t<\/a> \t\t\t\t<div class=\"elementor-post__text\"> \t\t\t\t<h3 class=\"elementor-post__title\"> \t\t\t<a href=\"https:\/\/ice-cream-cones.com\/vi\/continuous-ice-cream-freezer\/\" > \t\t\t\tT\u1ee7 \u0111\u00f4ng kem li\u00ean t\u1ee5c | m\u00e1y l\u00e0m kem c\u00f4ng nghi\u1ec7p\t\t\t<\/a> \t\t<\/h3> \t\t\t\t<\/div> \t\t\t\t<\/article> \t\t\t\t<article class=\"elementor-post elementor-grid-item post-691 post type-post status-publish format-standard has-post-thumbnail hentry category-products tag-wafer-cone-production-line\" role=\"listitem\"> \t\t\t\t<a class=\"elementor-post__thumbnail__link\" href=\"https:\/\/ice-cream-cones.com\/vi\/automatic-mold-cone-production-line\/\" tabindex=\"-1\" > \t\t\t<div class=\"elementor-post__thumbnail\"><img loading=\"lazy\" decoding=\"async\" width=\"720\" height=\"540\" src=\"https:\/\/ice-cream-cones.com\/wp-content\/uploads\/2020\/07\/mold-cone-production-line.jpg\" class=\"attachment-full size-full wp-image-720\" alt=\"m\u00e1y l\u00e0m b\u00e1nh qu\u1ebf ho\u00e0n to\u00e0n t\u1ef1 \u0111\u1ed9ng\" title=\"\" srcset=\"https:\/\/ice-cream-cones.com\/wp-content\/uploads\/2020\/07\/mold-cone-production-line.jpg 720w, https:\/\/ice-cream-cones.com\/wp-content\/uploads\/2020\/07\/mold-cone-production-line-400x300.jpg 400w\" sizes=\"(max-width: 720px) 100vw, 720px\" \/><\/div> \t\t<\/a> \t\t\t\t<div class=\"elementor-post__text\"> \t\t\t\t<h3 class=\"elementor-post__title\"> \t\t\t<a href=\"https:\/\/ice-cream-cones.com\/vi\/automatic-mold-cone-production-line\/\" > \t\t\t\tNh\u00e0 s\u1ea3n xu\u1ea5t d\u00e2y chuy\u1ec1n s\u1ea3n xu\u1ea5t kem \u1ed1c qu\u1ebf ho\u00e0n to\u00e0n t\u1ef1 \u0111\u1ed9ng\t\t\t<\/a> \t\t<\/h3> \t\t\t\t<\/div> \t\t\t\t<\/article> \t\t\t\t<article class=\"elementor-post elementor-grid-item post-689 post type-post status-publish format-standard has-post-thumbnail hentry category-products tag-wafer-cup-making-machine\" role=\"listitem\"> \t\t\t\t<a class=\"elementor-post__thumbnail__link\" href=\"https:\/\/ice-cream-cones.com\/vi\/automatic-wafer-cup-cone-machine\/\" tabindex=\"-1\" > \t\t\t<div class=\"elementor-post__thumbnail\"><img loading=\"lazy\" decoding=\"async\" width=\"720\" height=\"540\" src=\"https:\/\/ice-cream-cones.com\/wp-content\/uploads\/2020\/07\/wafer-cup-cone-machine.jpg\" class=\"attachment-full size-full wp-image-722\" alt=\"m\u00e1y t\u00e1ch c\u00e0 ph\u00ea \u0103n \u0111\u01b0\u1ee3c\" title=\"\" srcset=\"https:\/\/ice-cream-cones.com\/wp-content\/uploads\/2020\/07\/wafer-cup-cone-machine.jpg 720w, https:\/\/ice-cream-cones.com\/wp-content\/uploads\/2020\/07\/wafer-cup-cone-machine-400x300.jpg 400w\" sizes=\"(max-width: 720px) 100vw, 720px\" \/><\/div> \t\t<\/a> \t\t\t\t<div class=\"elementor-post__text\"> \t\t\t\t<h3 class=\"elementor-post__title\"> \t\t\t<a href=\"https:\/\/ice-cream-cones.com\/vi\/automatic-wafer-cup-cone-machine\/\" > \t\t\t\tM\u00e1y l\u00e0m c\u1ed1c wafer t\u1ef1 \u0111\u1ed9ng | M\u00e1y pha c\u00e0 ph\u00ea \u0103n \u0111\u01b0\u1ee3c\t\t\t<\/a> \t\t<\/h3> \t\t\t\t<\/div> \t\t\t\t<\/article> \t\t\t\t<\/div> \t\t \t\t\t\t\t\t<\/div> \t\t\t\t<\/div> \t\t\t\t\t<\/div> \t\t\t\t<\/div> \t\t<div class=\"elementor-element elementor-element-5a21bc3 e-flex e-con-boxed e-con e-parent\" data-id=\"5a21bc3\" data-element_type=\"container\" data-e-type=\"container\"> \t\t\t\t\t<div class=\"e-con-inner\"> \t\t\t\t<div class=\"elementor-element elementor-element-494b06e elementor-widget elementor-widget-heading\" data-id=\"494b06e\" data-element_type=\"widget\" data-e-type=\"widget\" data-widget_type=\"heading.default\"> \t\t\t\t\t<h2 class=\"elementor-heading-title elementor-size-xxl\">Trung t\u00e2m tin t\u1ee9c<\/h2>\t\t\t\t<\/div> \t\t\t\t<div class=\"elementor-element elementor-element-5b31bee elementor-widget-divider--view-line elementor-widget elementor-widget-divider\" data-id=\"5b31bee\" data-element_type=\"widget\" data-e-type=\"widget\" data-widget_type=\"divider.default\"> \t\t\t\t\t\t\t<div class=\"elementor-divider\"> \t\t\t<span class=\"elementor-divider-separator\"> \t\t\t\t\t\t<\/span> \t\t<\/div> \t\t\t\t\t\t<\/div> \t\t<div class=\"elementor-element elementor-element-eaf187f e-con-full e-flex e-con e-child\" data-id=\"eaf187f\" data-element_type=\"container\" data-e-type=\"container\"> \t\t<div class=\"elementor-element elementor-element-cc8f06f e-con-full e-flex e-con e-child\" data-id=\"cc8f06f\" data-element_type=\"container\" data-e-type=\"container\"> \t\t\t\t<div class=\"elementor-element elementor-element-433fe2c elementor-grid-6 elementor-posts--align-center elementor-grid-tablet-2 elementor-grid-mobile-1 elementor-posts--thumbnail-top elementor-widget elementor-widget-posts\" data-id=\"433fe2c\" data-element_type=\"widget\" data-e-type=\"widget\" data-settings=\"{&quot;classic_columns&quot;:&quot;6&quot;,&quot;classic_columns_tablet&quot;:&quot;2&quot;,&quot;classic_columns_mobile&quot;:&quot;1&quot;,&quot;classic_row_gap&quot;:{&quot;unit&quot;:&quot;px&quot;,&quot;size&quot;:35,&quot;sizes&quot;:[]},&quot;classic_row_gap_tablet&quot;:{&quot;unit&quot;:&quot;px&quot;,&quot;size&quot;:&quot;&quot;,&quot;sizes&quot;:[]},&quot;classic_row_gap_mobile&quot;:{&quot;unit&quot;:&quot;px&quot;,&quot;size&quot;:&quot;&quot;,&quot;sizes&quot;:[]}}\" data-widget_type=\"posts.classic\"> \t\t\t\t<div class=\"elementor-widget-container\"> \t\t\t\t\t\t\t<div class=\"elementor-posts-container elementor-posts elementor-posts--skin-classic elementor-grid\" role=\"list\"> \t\t\t\t<article class=\"elementor-post elementor-grid-item post-1048 post type-post status-publish format-standard has-post-thumbnail hentry category-products tag-commercial-soft-serve-machine tag-soft-ice-cream tag-soft-ice-cream-maker tag-soft-serve-ice-cream-machine\" role=\"listitem\"> \t\t\t\t<a class=\"elementor-post__thumbnail__link\" href=\"https:\/\/ice-cream-cones.com\/vi\/best-commercial-soft-serve-ice-cream-machine-2\/\" tabindex=\"-1\" > \t\t\t<div class=\"elementor-post__thumbnail\"><img decoding=\"async\" width=\"720\" height=\"540\" src=\"https:\/\/ice-cream-cones.com\/wp-content\/uploads\/2021\/05\/commercial-soft-serve-ice-cream-machine.jpg\" class=\"attachment-full size-full wp-image-1083\" alt=\"m\u00e1y l\u00e0m kem m\u1ec1m th\u01b0\u01a1ng m\u1ea1i\" title=\"\" srcset=\"https:\/\/ice-cream-cones.com\/wp-content\/uploads\/2021\/05\/commercial-soft-serve-ice-cream-machine.jpg 720w, https:\/\/ice-cream-cones.com\/wp-content\/uploads\/2021\/05\/commercial-soft-serve-ice-cream-machine-400x300.jpg 400w\" sizes=\"(max-width: 720px) 100vw, 720px\" \/><\/div> \t\t<\/a> \t\t\t\t<div class=\"elementor-post__text\"> \t\t\t\t<h3 class=\"elementor-post__title\"> \t\t\t<a href=\"https:\/\/ice-cream-cones.com\/vi\/best-commercial-soft-serve-ice-cream-machine-2\/\" > \t\t\t\tM\u00e1y l\u00e0m kem m\u1ec1m th\u01b0\u01a1ng m\u1ea1i t\u1ed1t nh\u1ea5t | M\u00e1y l\u00e0m kem m\u1ec1m chuy\u00ean nghi\u1ec7p\t\t\t<\/a> \t\t<\/h3> \t\t\t\t<\/div> \t\t\t\t<\/article> \t\t\t\t<article class=\"elementor-post elementor-grid-item post-1053 post type-post status-publish format-standard has-post-thumbnail hentry category-products tag-batch-ice-cream-freezer tag-commercial-ice-cream-freezer tag-gelato-making-equipment tag-hard-ice-cream-machine\" role=\"listitem\"> \t\t\t\t<a class=\"elementor-post__thumbnail__link\" href=\"https:\/\/ice-cream-cones.com\/vi\/hard-ice-cream-maker\/\" tabindex=\"-1\" > \t\t\t<div class=\"elementor-post__thumbnail\"><img decoding=\"async\" width=\"720\" height=\"540\" src=\"https:\/\/ice-cream-cones.com\/wp-content\/uploads\/2021\/05\/commercial-hard-ice-cream-machine.jpg\" class=\"attachment-full size-full wp-image-1092\" alt=\"m\u00e1y l\u00e0m kem c\u1ee9ng\" title=\"\" srcset=\"https:\/\/ice-cream-cones.com\/wp-content\/uploads\/2021\/05\/commercial-hard-ice-cream-machine.jpg 720w, https:\/\/ice-cream-cones.com\/wp-content\/uploads\/2021\/05\/commercial-hard-ice-cream-machine-400x300.jpg 400w\" sizes=\"(max-width: 720px) 100vw, 720px\" \/><\/div> \t\t<\/a> \t\t\t\t<div class=\"elementor-post__text\"> \t\t\t\t<h3 class=\"elementor-post__title\"> \t\t\t<a href=\"https:\/\/ice-cream-cones.com\/vi\/hard-ice-cream-maker\/\" > \t\t\t\tM\u00e1y l\u00e0m kem c\u1ee9ng th\u01b0\u01a1ng m\u1ea1i | Thi\u1ebft b\u1ecb l\u00e0m gelato\t\t\t<\/a> \t\t<\/h3> \t\t\t\t<\/div> \t\t\t\t<\/article> \t\t\t\t<article class=\"elementor-post elementor-grid-item post-979 post type-post status-publish format-standard has-post-thumbnail hentry category-products tag-ice-cream-filling-machine\" role=\"listitem\"> \t\t\t\t<a class=\"elementor-post__thumbnail__link\" href=\"https:\/\/ice-cream-cones.com\/vi\/rotary-ice-cream-cup-and-cone-filling-machine\/\" tabindex=\"-1\" > \t\t\t<div class=\"elementor-post__thumbnail\"><img loading=\"lazy\" decoding=\"async\" width=\"720\" height=\"540\" src=\"https:\/\/ice-cream-cones.com\/wp-content\/uploads\/2021\/04\/Rotary-ice-cream-cone-and-cup-filling-machine.jpg\" class=\"attachment-full size-full wp-image-988\" alt=\"m\u00e1y l\u00e0m kem\" title=\"\" srcset=\"https:\/\/ice-cream-cones.com\/wp-content\/uploads\/2021\/04\/Rotary-ice-cream-cone-and-cup-filling-machine.jpg 720w, https:\/\/ice-cream-cones.com\/wp-content\/uploads\/2021\/04\/Rotary-ice-cream-cone-and-cup-filling-machine-400x300.jpg 400w\" sizes=\"(max-width: 720px) 100vw, 720px\" \/><\/div> \t\t<\/a> \t\t\t\t<div class=\"elementor-post__text\"> \t\t\t\t<h3 class=\"elementor-post__title\"> \t\t\t<a href=\"https:\/\/ice-cream-cones.com\/vi\/rotary-ice-cream-cup-and-cone-filling-machine\/\" > \t\t\t\tM\u00e1y l\u00e0m kem h\u00ecnh n\u00f3n v\u00e0 c\u1ed1c kem quay\t\t\t<\/a> \t\t<\/h3> \t\t\t\t<\/div> \t\t\t\t<\/article> \t\t\t\t<article class=\"elementor-post elementor-grid-item post-977 post type-post status-publish format-standard has-post-thumbnail hentry category-products tag-continuous-ice-cream-freezer\" role=\"listitem\"> \t\t\t\t<a class=\"elementor-post__thumbnail__link\" href=\"https:\/\/ice-cream-cones.com\/vi\/continuous-ice-cream-freezer\/\" tabindex=\"-1\" > \t\t\t<div class=\"elementor-post__thumbnail\"><img loading=\"lazy\" decoding=\"async\" width=\"720\" height=\"540\" src=\"https:\/\/ice-cream-cones.com\/wp-content\/uploads\/2021\/04\/freezer.jpg\" class=\"attachment-full size-full wp-image-1140\" alt=\"t\u1ee7 \u0111\u00f4ng kem\" title=\"\" srcset=\"https:\/\/ice-cream-cones.com\/wp-content\/uploads\/2021\/04\/freezer.jpg 720w, https:\/\/ice-cream-cones.com\/wp-content\/uploads\/2021\/04\/freezer-400x300.jpg 400w\" sizes=\"(max-width: 720px) 100vw, 720px\" \/><\/div> \t\t<\/a> \t\t\t\t<div class=\"elementor-post__text\"> \t\t\t\t<h3 class=\"elementor-post__title\"> \t\t\t<a href=\"https:\/\/ice-cream-cones.com\/vi\/continuous-ice-cream-freezer\/\" > \t\t\t\tT\u1ee7 \u0111\u00f4ng kem li\u00ean t\u1ee5c | m\u00e1y l\u00e0m kem c\u00f4ng nghi\u1ec7p\t\t\t<\/a> \t\t<\/h3> \t\t\t\t<\/div> \t\t\t\t<\/article> \t\t\t\t<article class=\"elementor-post elementor-grid-item post-691 post type-post status-publish format-standard has-post-thumbnail hentry category-products tag-wafer-cone-production-line\" role=\"listitem\"> \t\t\t\t<a class=\"elementor-post__thumbnail__link\" href=\"https:\/\/ice-cream-cones.com\/vi\/automatic-mold-cone-production-line\/\" tabindex=\"-1\" > \t\t\t<div class=\"elementor-post__thumbnail\"><img loading=\"lazy\" decoding=\"async\" width=\"720\" height=\"540\" src=\"https:\/\/ice-cream-cones.com\/wp-content\/uploads\/2020\/07\/mold-cone-production-line.jpg\" class=\"attachment-full size-full wp-image-720\" alt=\"m\u00e1y l\u00e0m b\u00e1nh qu\u1ebf ho\u00e0n to\u00e0n t\u1ef1 \u0111\u1ed9ng\" title=\"\" srcset=\"https:\/\/ice-cream-cones.com\/wp-content\/uploads\/2020\/07\/mold-cone-production-line.jpg 720w, https:\/\/ice-cream-cones.com\/wp-content\/uploads\/2020\/07\/mold-cone-production-line-400x300.jpg 400w\" sizes=\"(max-width: 720px) 100vw, 720px\" \/><\/div> \t\t<\/a> \t\t\t\t<div class=\"elementor-post__text\"> \t\t\t\t<h3 class=\"elementor-post__title\"> \t\t\t<a href=\"https:\/\/ice-cream-cones.com\/vi\/automatic-mold-cone-production-line\/\" > \t\t\t\tNh\u00e0 s\u1ea3n xu\u1ea5t d\u00e2y chuy\u1ec1n s\u1ea3n xu\u1ea5t kem \u1ed1c qu\u1ebf ho\u00e0n to\u00e0n t\u1ef1 \u0111\u1ed9ng\t\t\t<\/a> \t\t<\/h3> \t\t\t\t<\/div> \t\t\t\t<\/article> \t\t\t\t<article class=\"elementor-post elementor-grid-item post-689 post type-post status-publish format-standard has-post-thumbnail hentry category-products tag-wafer-cup-making-machine\" role=\"listitem\"> \t\t\t\t<a class=\"elementor-post__thumbnail__link\" href=\"https:\/\/ice-cream-cones.com\/vi\/automatic-wafer-cup-cone-machine\/\" tabindex=\"-1\" > \t\t\t<div class=\"elementor-post__thumbnail\"><img loading=\"lazy\" decoding=\"async\" width=\"720\" height=\"540\" src=\"https:\/\/ice-cream-cones.com\/wp-content\/uploads\/2020\/07\/wafer-cup-cone-machine.jpg\" class=\"attachment-full size-full wp-image-722\" alt=\"m\u00e1y t\u00e1ch c\u00e0 ph\u00ea \u0103n \u0111\u01b0\u1ee3c\" title=\"\" srcset=\"https:\/\/ice-cream-cones.com\/wp-content\/uploads\/2020\/07\/wafer-cup-cone-machine.jpg 720w, https:\/\/ice-cream-cones.com\/wp-content\/uploads\/2020\/07\/wafer-cup-cone-machine-400x300.jpg 400w\" sizes=\"(max-width: 720px) 100vw, 720px\" \/><\/div> \t\t<\/a> \t\t\t\t<div class=\"elementor-post__text\"> \t\t\t\t<h3 class=\"elementor-post__title\"> \t\t\t<a href=\"https:\/\/ice-cream-cones.com\/vi\/automatic-wafer-cup-cone-machine\/\" > \t\t\t\tM\u00e1y l\u00e0m c\u1ed1c wafer t\u1ef1 \u0111\u1ed9ng | M\u00e1y pha c\u00e0 ph\u00ea \u0103n \u0111\u01b0\u1ee3c\t\t\t<\/a> \t\t<\/h3> \t\t\t\t<\/div> \t\t\t\t<\/article> \t\t\t\t<\/div> \t\t \t\t\t\t\t\t<\/div> \t\t\t\t<\/div> \t\t\t\t<\/div> \t\t<div class=\"elementor-element elementor-element-b0a8767 e-con-full e-flex e-con e-child\" data-id=\"b0a8767\" data-element_type=\"container\" data-e-type=\"container\" data-settings=\"{&quot;background_background&quot;:&quot;classic&quot;}\"> \t\t\t\t<div class=\"elementor-element elementor-element-f5d5520 elementor-widget elementor-widget-text-editor\" data-id=\"f5d5520\" data-element_type=\"widget\" data-e-type=\"widget\" data-widget_type=\"text-editor.default\"> \t\t\t\t\t\t\t\t\t<a style=\"color:#fff;\" href=\"https:\/\/ice-cream-cones.com\/vi\/news\/\">\u0110\u1ecdc th\u00eam\u00a0 &gt;&gt;&gt;<\/a>\t\t\t\t\t\t\t\t<\/div> \t\t\t\t<\/div> \t\t\t\t<\/div> \t\t\t\t\t<\/div> \t\t\t\t<\/div> \t\t\t\t<\/div>","protected":false},"excerpt":{"rendered":"<p>Nh\u00e0 s\u1ea3n xu\u1ea5t m\u00e1y n\u00f3n kem chuy\u00ean nghi\u1ec7p Taizy\u00ae, ch\u00fang t\u00f4i chuy\u00ean ph\u00e1t tri\u1ec3n v\u00e0 s\u1ea3n xu\u1ea5t m\u00e1y m\u00f3c kem h\u00ecnh n\u00f3n, ch\u00e0o m\u1eebng b\u1ea1n \u0111\u1ebfn \u0111\u00e0m ph\u00e1n v\u00e0 g\u1eedi<\/p>","protected":false},"author":1,"featured_media":0,"parent":0,"menu_order":0,"comment_status":"closed","ping_status":"closed","template":"","meta":{"footnotes":""},"class_list":["post-592","page","type-page","status-publish","hentry"],"_links":{"self":[{"href":"https:\/\/ice-cream-cones.com\/vi\/wp-json\/wp\/v2\/pages\/592","targetHints":{"allow":["GET"]}}],"collection":[{"href":"https:\/\/ice-cream-cones.com\/vi\/wp-json\/wp\/v2\/pages"}],"about":[{"href":"https:\/\/ice-cream-cones.com\/vi\/wp-json\/wp\/v2\/types\/page"}],"author":[{"embeddable":true,"href":"https:\/\/ice-cream-cones.com\/vi\/wp-json\/wp\/v2\/users\/1"}],"replies":[{"embeddable":true,"href":"https:\/\/ice-cream-cones.com\/vi\/wp-json\/wp\/v2\/comments?post=592"}],"version-history":[{"count":0,"href":"https:\/\/ice-cream-cones.com\/vi\/wp-json\/wp\/v2\/pages\/592\/revisions"}],"wp:attachment":[{"href":"https:\/\/ice-cream-cones.com\/vi\/wp-json\/wp\/v2\/media?parent=592"}],"curies":[{"name":"wp","href":"https:\/\/api.w.org\/{rel}","templated":true}]}}