{"id":20,"date":"2020-07-10T09:38:01","date_gmt":"2020-07-10T09:38:01","guid":{"rendered":"https:\/\/ice-cream-cones.com\/?page_id=20"},"modified":"2020-07-25T02:18:46","modified_gmt":"2020-07-25T02:18:46","slug":"about-us","status":"publish","type":"page","link":"https:\/\/ice-cream-cones.com\/vi\/about-us\/","title":{"rendered":"V\u1ec1 ch\u00fang t\u00f4i"},"content":{"rendered":"<div data-elementor-type=\"wp-page\" data-elementor-id=\"20\" class=\"elementor elementor-20\" data-elementor-post-type=\"page\"> \t\t\t\t\t\t<section class=\"elementor-section elementor-top-section elementor-element elementor-element-9752965 elementor-section-boxed elementor-section-height-default elementor-section-height-default\" data-id=\"9752965\" data-element_type=\"section\" data-e-type=\"section\"> \t\t\t\t\t\t<div class=\"elementor-container elementor-column-gap-default\"> \t\t\t\t\t<div class=\"elementor-column elementor-col-100 elementor-top-column elementor-element elementor-element-6415525\" data-id=\"6415525\" data-element_type=\"column\" data-e-type=\"column\"> \t\t\t<div class=\"elementor-widget-wrap elementor-element-populated\"> \t\t\t\t\t\t<div class=\"elementor-element elementor-element-2c3debb elementor-widget elementor-widget-heading\" data-id=\"2c3debb\" data-element_type=\"widget\" data-e-type=\"widget\" data-widget_type=\"heading.default\"> \t\t\t\t\t<h2 class=\"elementor-heading-title elementor-size-default\">C\u00f4ng ty TNHH M\u00e1y m\u00f3c Taizy<\/h2>\t\t\t\t<\/div> \t\t\t\t<div class=\"elementor-element elementor-element-752e9dc elementor-widget-divider--view-line elementor-widget elementor-widget-divider\" data-id=\"752e9dc\" data-element_type=\"widget\" data-e-type=\"widget\" data-widget_type=\"divider.default\"> \t\t\t\t\t\t\t<div class=\"elementor-divider\"> \t\t\t<span class=\"elementor-divider-separator\"> \t\t\t\t\t\t<\/span> \t\t<\/div> \t\t\t\t\t\t<\/div> \t\t\t\t\t<\/div> \t\t<\/div> \t\t\t\t\t<\/div> \t\t<\/section> \t\t\t\t<section class=\"elementor-section elementor-top-section elementor-element elementor-element-1287766 elementor-section-boxed elementor-section-height-default elementor-section-height-default\" data-id=\"1287766\" data-element_type=\"section\" data-e-type=\"section\"> \t\t\t\t\t\t<div class=\"elementor-container elementor-column-gap-default\"> \t\t\t\t\t<div class=\"elementor-column elementor-col-100 elementor-top-column elementor-element elementor-element-5c3b247\" data-id=\"5c3b247\" data-element_type=\"column\" data-e-type=\"column\"> \t\t\t<div class=\"elementor-widget-wrap elementor-element-populated\"> \t\t\t\t\t\t<div class=\"elementor-element elementor-element-6581605 elementor-widget elementor-widget-image\" data-id=\"6581605\" data-element_type=\"widget\" data-e-type=\"widget\" data-widget_type=\"image.default\"> \t\t\t\t\t\t\t\t\t\t\t\t\t\t\t<img fetchpriority=\"high\" decoding=\"async\" width=\"800\" height=\"334\" src=\"https:\/\/ice-cream-cones.com\/wp-content\/uploads\/2020\/07\/Taizy-company-880x367.jpg\" class=\"attachment-large size-large wp-image-98\" alt=\"\" srcset=\"https:\/\/ice-cream-cones.com\/wp-content\/uploads\/2020\/07\/Taizy-company-880x367.jpg 880w, https:\/\/ice-cream-cones.com\/wp-content\/uploads\/2020\/07\/Taizy-company-440x183.jpg 440w, https:\/\/ice-cream-cones.com\/wp-content\/uploads\/2020\/07\/Taizy-company-768x320.jpg 768w, https:\/\/ice-cream-cones.com\/wp-content\/uploads\/2020\/07\/Taizy-company-1536x640.jpg 1536w, https:\/\/ice-cream-cones.com\/wp-content\/uploads\/2020\/07\/Taizy-company.jpg 1920w\" sizes=\"(max-width: 800px) 100vw, 800px\" title=\"\">\t\t\t\t\t\t\t\t\t\t\t\t\t\t\t<\/div> \t\t\t\t\t<\/div> \t\t<\/div> \t\t\t\t\t<\/div> \t\t<\/section> \t\t\t\t<section class=\"elementor-section elementor-top-section elementor-element elementor-element-5d5ac8f elementor-section-boxed elementor-section-height-default elementor-section-height-default\" data-id=\"5d5ac8f\" data-element_type=\"section\" data-e-type=\"section\"> \t\t\t\t\t\t<div class=\"elementor-container elementor-column-gap-default\"> \t\t\t\t\t<div class=\"elementor-column elementor-col-100 elementor-top-column elementor-element elementor-element-de8b005\" data-id=\"de8b005\" data-element_type=\"column\" data-e-type=\"column\"> \t\t\t<div class=\"elementor-widget-wrap elementor-element-populated\"> \t\t\t\t\t\t<div class=\"elementor-element elementor-element-0403ad0 elementor-widget elementor-widget-text-editor\" data-id=\"0403ad0\" data-element_type=\"widget\" data-e-type=\"widget\" data-widget_type=\"text-editor.default\"> \t\t\t\t\t\t\t\t\t<p>Zhengzhou Taizy Machinery Co., Ltd. l\u00e0 m\u1ed9t c\u00f4ng ty to\u00e0n di\u1ec7n tham gia v\u00e0o vi\u1ec7c s\u1ea3n xu\u1ea5t, nghi\u00ean c\u1ee9u v\u00e0 ph\u00e1t tri\u1ec3n, s\u1ea3n xu\u1ea5t v\u00e0 b\u00e1n h\u00e0ng. C\u00f4ng ty ch\u00fang t\u00f4i \u0111\u00e3 tham gia s\u1ea3n xu\u1ea5t v\u00e0 kinh doanh m\u00e1y l\u00e0m kem \u1ed1c qu\u1ebf trong h\u01a1n m\u01b0\u1eddi n\u0103m. M\u1ee5c ti\u00eau c\u1ee7a ch\u00fang t\u00f4i l\u00e0 cung c\u1ea5p cho kh\u00e1ch h\u00e0ng nh\u1eefng chi\u1ebfc m\u00e1y l\u00e0m kem \u1ed1c qu\u1ebf ch\u1ea5t l\u01b0\u1ee3ng v\u00e0 hi\u1ec7u qu\u1ea3 cao.<\/p>\t\t\t\t\t\t\t\t<\/div> \t\t\t\t\t<\/div> \t\t<\/div> \t\t\t\t\t<\/div> \t\t<\/section> \t\t\t\t<section class=\"elementor-section elementor-top-section elementor-element elementor-element-f36afc5 elementor-section-boxed elementor-section-height-default elementor-section-height-default\" data-id=\"f36afc5\" data-element_type=\"section\" data-e-type=\"section\"> \t\t\t\t\t\t<div class=\"elementor-container elementor-column-gap-default\"> \t\t\t\t\t<div class=\"elementor-column elementor-col-100 elementor-top-column elementor-element elementor-element-c129986\" data-id=\"c129986\" data-element_type=\"column\" data-e-type=\"column\"> \t\t\t<div class=\"elementor-widget-wrap elementor-element-populated\"> \t\t\t\t\t\t<div class=\"elementor-element elementor-element-88610b7 elementor-widget elementor-widget-heading\" data-id=\"88610b7\" data-element_type=\"widget\" data-e-type=\"widget\" data-widget_type=\"heading.default\"> \t\t\t\t\t<h2 class=\"elementor-heading-title elementor-size-default\">S\u1ea3n ph\u1ea9m v\u00e0 th\u1ecb tr\u01b0\u1eddng c\u1ee7a ch\u00fang t\u00f4i<\/h2>\t\t\t\t<\/div> \t\t\t\t<div class=\"elementor-element elementor-element-c8db25a elementor-widget elementor-widget-text-editor\" data-id=\"c8db25a\" data-element_type=\"widget\" data-e-type=\"widget\" data-widget_type=\"text-editor.default\"> \t\t\t\t\t\t\t\t\t<p>Ch\u00fang t\u00f4i cung c\u1ea5p cho kh\u00e1ch h\u00e0ng nh\u1eefng lo\u1ea1i m\u00e1y s\u1ea3n xu\u1ea5t n\u00f3n c\u00f3 h\u00ecnh d\u1ea1ng kh\u00e1c nhau. V\u00ed d\u1ee5: h\u00ecnh c\u1ed1c, h\u00ecnh b\u00e1t, h\u00ecnh b\u00f4ng hoa ho\u1eb7c c\u00e1c h\u00ecnh d\u1ea1ng h\u00ecnh n\u00f3n kh\u00e1c. S\u1ea3n ph\u1ea9m ch\u00ednh c\u1ee7a ch\u00fang t\u00f4i l\u00e0 m\u00e1y l\u00e0m b\u00e1nh qu\u1ebf v\u00e0 m\u00e1y l\u00e0m b\u00e1nh qu\u1ebf gi\u00f2n. Ch\u00fang t\u00f4i kh\u00f4ng ch\u1ec9 cung c\u1ea5p cho kh\u00e1ch h\u00e0ng m\u1ed9t m\u00e1y duy nh\u1ea5t trong d\u00e2y chuy\u1ec1n s\u1ea3n xu\u1ea5t m\u00e0 c\u00f2n bao g\u1ed3m m\u1ed9t d\u00e2y chuy\u1ec1n s\u1ea3n xu\u1ea5t bao g\u1ed3m nhi\u1ec1u lo\u1ea1i thi\u1ebft b\u1ecb.<\/p> <p>Hi\u1ec7n t\u1ea1i, m\u00e1y c\u1ee7a ch\u00fang t\u00f4i \u0111\u00e3 xu\u1ea5t kh\u1ea9u sang Indonesia, Dubai, Sri Lanka, Serbia, Argentina, H\u00e0 Lan, New Zealand, Hoa K\u1ef3, Canada v\u00e0 c\u00e1c n\u01b0\u1edbc kh\u00e1c.<\/p>\t\t\t\t\t\t\t\t<\/div> \t\t\t\t<div class=\"elementor-element elementor-element-6e32cf0 elementor-widget elementor-widget-heading\" data-id=\"6e32cf0\" data-element_type=\"widget\" data-e-type=\"widget\" data-widget_type=\"heading.default\"> \t\t\t\t\t<h2 class=\"elementor-heading-title elementor-size-default\">\u0110\u1ed9i ng\u0169 R&amp;D c\u1ee7a ch\u00fang t\u00f4i<\/h2>\t\t\t\t<\/div> \t\t\t\t<div class=\"elementor-element elementor-element-4575dfe elementor-widget elementor-widget-text-editor\" data-id=\"4575dfe\" data-element_type=\"widget\" data-e-type=\"widget\" data-widget_type=\"text-editor.default\"> \t\t\t\t\t\t\t\t\t<p>Ch\u00fang t\u00f4i cam k\u1ebft mang \u0111\u1ebfn cho kh\u00e1ch h\u00e0ng nh\u1eefng m\u00e1y m\u00f3c ch\u1ea5t l\u01b0\u1ee3ng cao. V\u00ec v\u1eady ch\u00fang t\u00f4i \u0111\u1ea7u t\u01b0 r\u1ea5t l\u1edbn v\u00e0o c\u00e1c chuy\u00ean gia c\u01a1 kh\u00ed xu\u1ea5t s\u1eafc l\u00e0m c\u1ed1 v\u1ea5n. V\u00e0 trong qu\u00e1 tr\u00ecnh s\u1ea3n xu\u1ea5t, ch\u00fang t\u00f4i l\u1eafng nghe ph\u1ea3n h\u1ed3i t\u1eeb kh\u00e1ch h\u00e0ng v\u00e0 kh\u00f4ng ng\u1eebng c\u1ea3i ti\u1ebfn thi\u1ebft k\u1ebf m\u00e1y. Sau nhi\u1ec1u n\u0103m l\u00e0m vi\u1ec7c ch\u0103m ch\u1ec9, ch\u00fang t\u00f4i \u0111\u00e3 s\u1ea3n xu\u1ea5t \u0111\u01b0\u1ee3c nh\u1eefng chi\u1ebfc m\u00e1y t\u01b0\u01a1ng \u0111\u1ed1i tr\u01b0\u1edfng th\u00e0nh v\u00e0 ho\u00e0n h\u1ea3o, v\u00e0 m\u00e1y c\u1ee7a ch\u00fang t\u00f4i \u0111\u01b0\u1ee3c b\u00e1n trong v\u00e0 ngo\u00e0i n\u01b0\u1edbc.<\/p> <p>Hi\u1ec7n t\u1ea1i, m\u00e1y c\u1ee7a ch\u00fang t\u00f4i \u0111\u00e3 xu\u1ea5t kh\u1ea9u sang Indonesia, Dubai, Sri Lanka, Serbia, Argentina, H\u00e0 Lan, New Zealand, Hoa K\u1ef3, Canada v\u00e0 c\u00e1c n\u01b0\u1edbc kh\u00e1c.<\/p>\t\t\t\t\t\t\t\t<\/div> \t\t\t\t<div class=\"elementor-element elementor-element-80317f3 elementor-widget elementor-widget-heading\" data-id=\"80317f3\" data-element_type=\"widget\" data-e-type=\"widget\" data-widget_type=\"heading.default\"> \t\t\t\t\t<h2 class=\"elementor-heading-title elementor-size-default\">D\u1ecbch v\u1ee5 c\u1ee7a ch\u00fang t\u00f4i<\/h2>\t\t\t\t<\/div> \t\t\t\t<div class=\"elementor-element elementor-element-6984c1a elementor-widget elementor-widget-text-editor\" data-id=\"6984c1a\" data-element_type=\"widget\" data-e-type=\"widget\" data-widget_type=\"text-editor.default\"> \t\t\t\t\t\t\t\t\t<p>Lu\u00f4n lu\u00f4n, c\u00f4ng ty ch\u00fang t\u00f4i lu\u00f4n t\u1eadp trung v\u00e0o nhu c\u1ea7u v\u00e0 l\u1ee3i \u00edch c\u1ee7a kh\u00e1ch h\u00e0ng. Trong qu\u00e1 tr\u00ecnh b\u00e1n h\u00e0ng, ch\u00fang t\u00f4i duy tr\u00ec th\u00e1i \u0111\u1ed9 ch\u00e2n th\u00e0nh, ch\u1ea5t l\u01b0\u1ee3ng tuy\u1ec7t v\u1eddi v\u00e0 d\u1ecbch v\u1ee5 ho\u00e0n h\u1ea3o. Ch\u00fang t\u00f4i cung c\u1ea5p cho kh\u00e1ch h\u00e0ng \u0111\u1ea7y \u0111\u1ee7 c\u00e1c d\u1ecbch v\u1ee5 t\u1eeb tr\u01b0\u1edbc b\u00e1n h\u00e0ng \u0111\u1ebfn sau b\u00e1n h\u00e0ng. Ch\u00fang t\u00f4i c\u00f3 th\u1ec3 t\u00f9y ch\u1ec9nh c\u00e1c gi\u1ea3i ph\u00e1p thi\u1ebft k\u1ebf \u0111\u1ed9c \u0111\u00e1o cho kh\u00e1ch h\u00e0ng, cung c\u1ea5p b\u00e1o gi\u00e1 chi ti\u1ebft theo y\u00eau c\u1ea7u c\u1ee7a kh\u00e1ch h\u00e0ng, cung c\u1ea5p b\u1ea3n v\u1ebd b\u1ed1 tr\u00ed m\u00e1y v\u00e0 d\u1ecbch v\u1ee5 h\u01b0\u1edbng d\u1eabn h\u1eadu m\u00e3i c\u1ea9n th\u1eadn theo \u0111\u1ecba \u0111i\u1ec3m c\u1ee7a kh\u00e1ch h\u00e0ng.<\/p>\t\t\t\t\t\t\t\t<\/div> \t\t\t\t\t<\/div> \t\t<\/div> \t\t\t\t\t<\/div> \t\t<\/section> \t\t\t\t<\/div>","protected":false},"excerpt":{"rendered":"<p>Taizy Machinery Co.,Ltd. Zhengzhou Taizy Machinery Co., Ltd. is a comprehensive company that involved in the production, research, and development, manufacturing, and sales. Our company has been engaged in the production and sales of ice cream cone machines for more than ten years. Our goal is to provide customers with high quality and high-efficiency ice [&hellip;]<\/p>\n","protected":false},"author":1,"featured_media":0,"parent":0,"menu_order":0,"comment_status":"closed","ping_status":"closed","template":"elementor_header_footer","meta":{"footnotes":""},"class_list":["post-20","page","type-page","status-publish","hentry"],"_links":{"self":[{"href":"https:\/\/ice-cream-cones.com\/vi\/wp-json\/wp\/v2\/pages\/20","targetHints":{"allow":["GET"]}}],"collection":[{"href":"https:\/\/ice-cream-cones.com\/vi\/wp-json\/wp\/v2\/pages"}],"about":[{"href":"https:\/\/ice-cream-cones.com\/vi\/wp-json\/wp\/v2\/types\/page"}],"author":[{"embeddable":true,"href":"https:\/\/ice-cream-cones.com\/vi\/wp-json\/wp\/v2\/users\/1"}],"replies":[{"embeddable":true,"href":"https:\/\/ice-cream-cones.com\/vi\/wp-json\/wp\/v2\/comments?post=20"}],"version-history":[{"count":0,"href":"https:\/\/ice-cream-cones.com\/vi\/wp-json\/wp\/v2\/pages\/20\/revisions"}],"wp:attachment":[{"href":"https:\/\/ice-cream-cones.com\/vi\/wp-json\/wp\/v2\/media?parent=20"}],"curies":[{"name":"wp","href":"https:\/\/api.w.org\/{rel}","templated":true}]}}