{"id":20,"date":"2020-07-10T09:38:01","date_gmt":"2020-07-10T09:38:01","guid":{"rendered":"https:\/\/ice-cream-cones.com\/?page_id=20"},"modified":"2020-07-25T02:18:46","modified_gmt":"2020-07-25T02:18:46","slug":"about-us","status":"publish","type":"page","link":"https:\/\/ice-cream-cones.com\/pt\/about-us\/","title":{"rendered":"Sobre n\u00f3s"},"content":{"rendered":"<div data-elementor-type=\"wp-page\" data-elementor-id=\"20\" class=\"elementor elementor-20\" data-elementor-post-type=\"page\"> \t\t\t\t\t\t<section class=\"elementor-section elementor-top-section elementor-element elementor-element-9752965 elementor-section-boxed elementor-section-height-default elementor-section-height-default\" data-id=\"9752965\" data-element_type=\"section\" data-e-type=\"section\"> \t\t\t\t\t\t<div class=\"elementor-container elementor-column-gap-default\"> \t\t\t\t\t<div class=\"elementor-column elementor-col-100 elementor-top-column elementor-element elementor-element-6415525\" data-id=\"6415525\" data-element_type=\"column\" data-e-type=\"column\"> \t\t\t<div class=\"elementor-widget-wrap elementor-element-populated\"> \t\t\t\t\t\t<div class=\"elementor-element elementor-element-2c3debb elementor-widget elementor-widget-heading\" data-id=\"2c3debb\" data-element_type=\"widget\" data-e-type=\"widget\" data-widget_type=\"heading.default\"> \t\t\t\t\t<h2 class=\"elementor-heading-title elementor-size-default\">M\u00e1quinas Taizy Co., Ltd.<\/h2>\t\t\t\t<\/div> \t\t\t\t<div class=\"elementor-element elementor-element-752e9dc elementor-widget-divider--view-line elementor-widget elementor-widget-divider\" data-id=\"752e9dc\" data-element_type=\"widget\" data-e-type=\"widget\" data-widget_type=\"divider.default\"> \t\t\t\t\t\t\t<div class=\"elementor-divider\"> \t\t\t<span class=\"elementor-divider-separator\"> \t\t\t\t\t\t<\/span> \t\t<\/div> \t\t\t\t\t\t<\/div> \t\t\t\t\t<\/div> \t\t<\/div> \t\t\t\t\t<\/div> \t\t<\/section> \t\t\t\t<section class=\"elementor-section elementor-top-section elementor-element elementor-element-1287766 elementor-section-boxed elementor-section-height-default elementor-section-height-default\" data-id=\"1287766\" data-element_type=\"section\" data-e-type=\"section\"> \t\t\t\t\t\t<div class=\"elementor-container elementor-column-gap-default\"> \t\t\t\t\t<div class=\"elementor-column elementor-col-100 elementor-top-column elementor-element elementor-element-5c3b247\" data-id=\"5c3b247\" data-element_type=\"column\" data-e-type=\"column\"> \t\t\t<div class=\"elementor-widget-wrap elementor-element-populated\"> \t\t\t\t\t\t<div class=\"elementor-element elementor-element-6581605 elementor-widget elementor-widget-image\" data-id=\"6581605\" data-element_type=\"widget\" data-e-type=\"widget\" data-widget_type=\"image.default\"> \t\t\t\t\t\t\t\t\t\t\t\t\t\t\t<img fetchpriority=\"high\" decoding=\"async\" width=\"800\" height=\"334\" src=\"https:\/\/ice-cream-cones.com\/wp-content\/uploads\/2020\/07\/Taizy-company-880x367.jpg\" class=\"attachment-large size-large wp-image-98\" alt=\"\" srcset=\"https:\/\/ice-cream-cones.com\/wp-content\/uploads\/2020\/07\/Taizy-company-880x367.jpg 880w, https:\/\/ice-cream-cones.com\/wp-content\/uploads\/2020\/07\/Taizy-company-440x183.jpg 440w, https:\/\/ice-cream-cones.com\/wp-content\/uploads\/2020\/07\/Taizy-company-768x320.jpg 768w, https:\/\/ice-cream-cones.com\/wp-content\/uploads\/2020\/07\/Taizy-company-1536x640.jpg 1536w, https:\/\/ice-cream-cones.com\/wp-content\/uploads\/2020\/07\/Taizy-company.jpg 1920w\" sizes=\"(max-width: 800px) 100vw, 800px\" title=\"\">\t\t\t\t\t\t\t\t\t\t\t\t\t\t\t<\/div> \t\t\t\t\t<\/div> \t\t<\/div> \t\t\t\t\t<\/div> \t\t<\/section> \t\t\t\t<section class=\"elementor-section elementor-top-section elementor-element elementor-element-5d5ac8f elementor-section-boxed elementor-section-height-default elementor-section-height-default\" data-id=\"5d5ac8f\" data-element_type=\"section\" data-e-type=\"section\"> \t\t\t\t\t\t<div class=\"elementor-container elementor-column-gap-default\"> \t\t\t\t\t<div class=\"elementor-column elementor-col-100 elementor-top-column elementor-element elementor-element-de8b005\" data-id=\"de8b005\" data-element_type=\"column\" data-e-type=\"column\"> \t\t\t<div class=\"elementor-widget-wrap elementor-element-populated\"> \t\t\t\t\t\t<div class=\"elementor-element elementor-element-0403ad0 elementor-widget elementor-widget-text-editor\" data-id=\"0403ad0\" data-element_type=\"widget\" data-e-type=\"widget\" data-widget_type=\"text-editor.default\"> \t\t\t\t\t\t\t\t\t<p>Zhengzhou Taizy Machinery Co., Ltd. \u00e9 uma empresa abrangente que est\u00e1 envolvida na produ\u00e7\u00e3o, pesquisa e desenvolvimento, fabrica\u00e7\u00e3o e vendas. Nossa empresa est\u00e1 envolvida na produ\u00e7\u00e3o e venda de m\u00e1quinas de casquinha de sorvete h\u00e1 mais de dez anos. Nosso objetivo \u00e9 fornecer aos clientes m\u00e1quinas de casquinha de sorvete de alta qualidade e alta efici\u00eancia.<\/p>\t\t\t\t\t\t\t\t<\/div> \t\t\t\t\t<\/div> \t\t<\/div> \t\t\t\t\t<\/div> \t\t<\/section> \t\t\t\t<section class=\"elementor-section elementor-top-section elementor-element elementor-element-f36afc5 elementor-section-boxed elementor-section-height-default elementor-section-height-default\" data-id=\"f36afc5\" data-element_type=\"section\" data-e-type=\"section\"> \t\t\t\t\t\t<div class=\"elementor-container elementor-column-gap-default\"> \t\t\t\t\t<div class=\"elementor-column elementor-col-100 elementor-top-column elementor-element elementor-element-c129986\" data-id=\"c129986\" data-element_type=\"column\" data-e-type=\"column\"> \t\t\t<div class=\"elementor-widget-wrap elementor-element-populated\"> \t\t\t\t\t\t<div class=\"elementor-element elementor-element-88610b7 elementor-widget elementor-widget-heading\" data-id=\"88610b7\" data-element_type=\"widget\" data-e-type=\"widget\" data-widget_type=\"heading.default\"> \t\t\t\t\t<h2 class=\"elementor-heading-title elementor-size-default\">Nossos produtos e mercado<\/h2>\t\t\t\t<\/div> \t\t\t\t<div class=\"elementor-element elementor-element-c8db25a elementor-widget elementor-widget-text-editor\" data-id=\"c8db25a\" data-element_type=\"widget\" data-e-type=\"widget\" data-widget_type=\"text-editor.default\"> \t\t\t\t\t\t\t\t\t<p>Oferecemos aos clientes m\u00e1quinas que produzem cones de diversos formatos. Por exemplo, formato de copo, formato de tigela, flor ou outro formato de cone. Nossos principais produtos s\u00e3o m\u00e1quina de cone de wafer e m\u00e1quina de cone crocante. N\u00f3s n\u00e3o apenas fornecemos aos clientes uma \u00fanica m\u00e1quina na linha de produ\u00e7\u00e3o, mas tamb\u00e9m inclu\u00edmos uma linha de produ\u00e7\u00e3o composta por uma variedade de equipamentos.<\/p> <p>Atualmente, nossa m\u00e1quina exportou para Indon\u00e9sia, Dubai, Sri Lanka, S\u00e9rvia, Argentina, Holanda, Nova Zel\u00e2ndia, Estados Unidos, Canad\u00e1 e outros pa\u00edses.<\/p>\t\t\t\t\t\t\t\t<\/div> \t\t\t\t<div class=\"elementor-element elementor-element-6e32cf0 elementor-widget elementor-widget-heading\" data-id=\"6e32cf0\" data-element_type=\"widget\" data-e-type=\"widget\" data-widget_type=\"heading.default\"> \t\t\t\t\t<h2 class=\"elementor-heading-title elementor-size-default\">Nossa equipe de P&amp;D<\/h2>\t\t\t\t<\/div> \t\t\t\t<div class=\"elementor-element elementor-element-4575dfe elementor-widget elementor-widget-text-editor\" data-id=\"4575dfe\" data-element_type=\"widget\" data-e-type=\"widget\" data-widget_type=\"text-editor.default\"> \t\t\t\t\t\t\t\t\t<p>Estamos empenhados em fornecer aos clientes m\u00e1quinas de alta qualidade. Por isso, investimos muito em excelentes especialistas mec\u00e2nicos como consultores. E no processo de produ\u00e7\u00e3o, ouvimos o feedback dos clientes e melhoramos constantemente o design da m\u00e1quina. Ap\u00f3s anos de trabalho \u00e1rduo, produzimos m\u00e1quinas relativamente maduras e perfeitas, e nossas m\u00e1quinas s\u00e3o vendidas no pa\u00eds e no exterior.<\/p> <p>Atualmente, nossa m\u00e1quina exportou para Indon\u00e9sia, Dubai, Sri Lanka, S\u00e9rvia, Argentina, Holanda, Nova Zel\u00e2ndia, Estados Unidos, Canad\u00e1 e outros pa\u00edses.<\/p>\t\t\t\t\t\t\t\t<\/div> \t\t\t\t<div class=\"elementor-element elementor-element-80317f3 elementor-widget elementor-widget-heading\" data-id=\"80317f3\" data-element_type=\"widget\" data-e-type=\"widget\" data-widget_type=\"heading.default\"> \t\t\t\t\t<h2 class=\"elementor-heading-title elementor-size-default\">Nosso servi\u00e7o<\/h2>\t\t\t\t<\/div> \t\t\t\t<div class=\"elementor-element elementor-element-6984c1a elementor-widget elementor-widget-text-editor\" data-id=\"6984c1a\" data-element_type=\"widget\" data-e-type=\"widget\" data-widget_type=\"text-editor.default\"> \t\t\t\t\t\t\t\t\t<p>O tempo todo, nossa empresa insiste em focar nas necessidades e interesses do cliente. No processo de vendas mantemos uma atitude sincera, excelente qualidade e atendimento perfeito. Oferecemos aos clientes uma gama completa de servi\u00e7os, desde a pr\u00e9-venda at\u00e9 o p\u00f3s-venda. Podemos personalizar solu\u00e7\u00f5es de design exclusivas para os clientes, fornecer or\u00e7amentos detalhados de acordo com as necessidades do cliente, fornecer desenhos de posicionamento de m\u00e1quinas e servi\u00e7os cuidadosos de orienta\u00e7\u00e3o p\u00f3s-venda de acordo com as instala\u00e7\u00f5es do cliente.<\/p>\t\t\t\t\t\t\t\t<\/div> \t\t\t\t\t<\/div> \t\t<\/div> \t\t\t\t\t<\/div> \t\t<\/section> \t\t\t\t<\/div>","protected":false},"excerpt":{"rendered":"<p>Taizy Machinery Co.,Ltd. Zhengzhou Taizy Machinery Co., Ltd. is a comprehensive company that involved in the production, research, and development, manufacturing, and sales. Our company has been engaged in the production and sales of ice cream cone machines for more than ten years. Our goal is to provide customers with high quality and high-efficiency ice [&hellip;]<\/p>\n","protected":false},"author":1,"featured_media":0,"parent":0,"menu_order":0,"comment_status":"closed","ping_status":"closed","template":"elementor_header_footer","meta":{"footnotes":""},"class_list":["post-20","page","type-page","status-publish","hentry"],"_links":{"self":[{"href":"https:\/\/ice-cream-cones.com\/pt\/wp-json\/wp\/v2\/pages\/20","targetHints":{"allow":["GET"]}}],"collection":[{"href":"https:\/\/ice-cream-cones.com\/pt\/wp-json\/wp\/v2\/pages"}],"about":[{"href":"https:\/\/ice-cream-cones.com\/pt\/wp-json\/wp\/v2\/types\/page"}],"author":[{"embeddable":true,"href":"https:\/\/ice-cream-cones.com\/pt\/wp-json\/wp\/v2\/users\/1"}],"replies":[{"embeddable":true,"href":"https:\/\/ice-cream-cones.com\/pt\/wp-json\/wp\/v2\/comments?post=20"}],"version-history":[{"count":0,"href":"https:\/\/ice-cream-cones.com\/pt\/wp-json\/wp\/v2\/pages\/20\/revisions"}],"wp:attachment":[{"href":"https:\/\/ice-cream-cones.com\/pt\/wp-json\/wp\/v2\/media?parent=20"}],"curies":[{"name":"wp","href":"https:\/\/api.w.org\/{rel}","templated":true}]}}