{"id":20,"date":"2020-07-10T09:38:01","date_gmt":"2020-07-10T09:38:01","guid":{"rendered":"https:\/\/ice-cream-cones.com\/?page_id=20"},"modified":"2020-07-25T02:18:46","modified_gmt":"2020-07-25T02:18:46","slug":"about-us","status":"publish","type":"page","link":"https:\/\/ice-cream-cones.com\/fr\/about-us\/","title":{"rendered":"\u00c0 propos de nous"},"content":{"rendered":"<div data-elementor-type=\"wp-page\" data-elementor-id=\"20\" class=\"elementor elementor-20\" data-elementor-post-type=\"page\"> \t\t\t\t\t\t<section class=\"elementor-section elementor-top-section elementor-element elementor-element-9752965 elementor-section-boxed elementor-section-height-default elementor-section-height-default\" data-id=\"9752965\" data-element_type=\"section\" data-e-type=\"section\"> \t\t\t\t\t\t<div class=\"elementor-container elementor-column-gap-default\"> \t\t\t\t\t<div class=\"elementor-column elementor-col-100 elementor-top-column elementor-element elementor-element-6415525\" data-id=\"6415525\" data-element_type=\"column\" data-e-type=\"column\"> \t\t\t<div class=\"elementor-widget-wrap elementor-element-populated\"> \t\t\t\t\t\t<div class=\"elementor-element elementor-element-2c3debb elementor-widget elementor-widget-heading\" data-id=\"2c3debb\" data-element_type=\"widget\" data-e-type=\"widget\" data-widget_type=\"heading.default\"> \t\t\t\t\t<h2 class=\"elementor-heading-title elementor-size-default\">Machines Cie., Ltd de Taizy.<\/h2>\t\t\t\t<\/div> \t\t\t\t<div class=\"elementor-element elementor-element-752e9dc elementor-widget-divider--view-line elementor-widget elementor-widget-divider\" data-id=\"752e9dc\" data-element_type=\"widget\" data-e-type=\"widget\" data-widget_type=\"divider.default\"> \t\t\t\t\t\t\t<div class=\"elementor-divider\"> \t\t\t<span class=\"elementor-divider-separator\"> \t\t\t\t\t\t<\/span> \t\t<\/div> \t\t\t\t\t\t<\/div> \t\t\t\t\t<\/div> \t\t<\/div> \t\t\t\t\t<\/div> \t\t<\/section> \t\t\t\t<section class=\"elementor-section elementor-top-section elementor-element elementor-element-1287766 elementor-section-boxed elementor-section-height-default elementor-section-height-default\" data-id=\"1287766\" data-element_type=\"section\" data-e-type=\"section\"> \t\t\t\t\t\t<div class=\"elementor-container elementor-column-gap-default\"> \t\t\t\t\t<div class=\"elementor-column elementor-col-100 elementor-top-column elementor-element elementor-element-5c3b247\" data-id=\"5c3b247\" data-element_type=\"column\" data-e-type=\"column\"> \t\t\t<div class=\"elementor-widget-wrap elementor-element-populated\"> \t\t\t\t\t\t<div class=\"elementor-element elementor-element-6581605 elementor-widget elementor-widget-image\" data-id=\"6581605\" data-element_type=\"widget\" data-e-type=\"widget\" data-widget_type=\"image.default\"> \t\t\t\t\t\t\t\t\t\t\t\t\t\t\t<img fetchpriority=\"high\" decoding=\"async\" width=\"800\" height=\"334\" src=\"https:\/\/ice-cream-cones.com\/wp-content\/uploads\/2020\/07\/Taizy-company-880x367.jpg\" class=\"attachment-large size-large wp-image-98\" alt=\"\" srcset=\"https:\/\/ice-cream-cones.com\/wp-content\/uploads\/2020\/07\/Taizy-company-880x367.jpg 880w, https:\/\/ice-cream-cones.com\/wp-content\/uploads\/2020\/07\/Taizy-company-440x183.jpg 440w, https:\/\/ice-cream-cones.com\/wp-content\/uploads\/2020\/07\/Taizy-company-768x320.jpg 768w, https:\/\/ice-cream-cones.com\/wp-content\/uploads\/2020\/07\/Taizy-company-1536x640.jpg 1536w, https:\/\/ice-cream-cones.com\/wp-content\/uploads\/2020\/07\/Taizy-company.jpg 1920w\" sizes=\"(max-width: 800px) 100vw, 800px\" title=\"\">\t\t\t\t\t\t\t\t\t\t\t\t\t\t\t<\/div> \t\t\t\t\t<\/div> \t\t<\/div> \t\t\t\t\t<\/div> \t\t<\/section> \t\t\t\t<section class=\"elementor-section elementor-top-section elementor-element elementor-element-5d5ac8f elementor-section-boxed elementor-section-height-default elementor-section-height-default\" data-id=\"5d5ac8f\" data-element_type=\"section\" data-e-type=\"section\"> \t\t\t\t\t\t<div class=\"elementor-container elementor-column-gap-default\"> \t\t\t\t\t<div class=\"elementor-column elementor-col-100 elementor-top-column elementor-element elementor-element-de8b005\" data-id=\"de8b005\" data-element_type=\"column\" data-e-type=\"column\"> \t\t\t<div class=\"elementor-widget-wrap elementor-element-populated\"> \t\t\t\t\t\t<div class=\"elementor-element elementor-element-0403ad0 elementor-widget elementor-widget-text-editor\" data-id=\"0403ad0\" data-element_type=\"widget\" data-e-type=\"widget\" data-widget_type=\"text-editor.default\"> \t\t\t\t\t\t\t\t\t<p>Zhengzhou Taizy Machinery Co., Ltd. est une soci\u00e9t\u00e9 globale impliqu\u00e9e dans la production, la recherche et le d\u00e9veloppement, la fabrication et la vente. Notre soci\u00e9t\u00e9 est engag\u00e9e dans la production et la vente de machines \u00e0 cornets de glace depuis plus de dix ans. Notre objectif est de fournir \u00e0 nos clients des machines \u00e0 cornets de glace de haute qualit\u00e9 et \u00e0 haute efficacit\u00e9.<\/p>\t\t\t\t\t\t\t\t<\/div> \t\t\t\t\t<\/div> \t\t<\/div> \t\t\t\t\t<\/div> \t\t<\/section> \t\t\t\t<section class=\"elementor-section elementor-top-section elementor-element elementor-element-f36afc5 elementor-section-boxed elementor-section-height-default elementor-section-height-default\" data-id=\"f36afc5\" data-element_type=\"section\" data-e-type=\"section\"> \t\t\t\t\t\t<div class=\"elementor-container elementor-column-gap-default\"> \t\t\t\t\t<div class=\"elementor-column elementor-col-100 elementor-top-column elementor-element elementor-element-c129986\" data-id=\"c129986\" data-element_type=\"column\" data-e-type=\"column\"> \t\t\t<div class=\"elementor-widget-wrap elementor-element-populated\"> \t\t\t\t\t\t<div class=\"elementor-element elementor-element-88610b7 elementor-widget elementor-widget-heading\" data-id=\"88610b7\" data-element_type=\"widget\" data-e-type=\"widget\" data-widget_type=\"heading.default\"> \t\t\t\t\t<h2 class=\"elementor-heading-title elementor-size-default\">Nos produits et notre march\u00e9<\/h2>\t\t\t\t<\/div> \t\t\t\t<div class=\"elementor-element elementor-element-c8db25a elementor-widget elementor-widget-text-editor\" data-id=\"c8db25a\" data-element_type=\"widget\" data-e-type=\"widget\" data-widget_type=\"text-editor.default\"> \t\t\t\t\t\t\t\t\t<p>Nous fournissons \u00e0 nos clients des machines qui produisent des c\u00f4nes de diff\u00e9rentes formes. Par exemple, en forme de tasse, de bol, de fleur ou d'autres formes de c\u00f4ne. Nos principaux produits sont une machine \u00e0 c\u00f4nes de gaufrettes et une machine \u00e0 c\u00f4nes croustillants. Nous fournissons non seulement \u00e0 nos clients une seule machine dans la ligne de production, mais incluons \u00e9galement une ligne de production compos\u00e9e d'une vari\u00e9t\u00e9 d'\u00e9quipements.<\/p> <p>\u00c0 l'heure actuelle, notre machine a export\u00e9 vers l'Indon\u00e9sie, Duba\u00ef, le Sri Lanka, la Serbie, l'Argentine, les Pays-Bas, la Nouvelle-Z\u00e9lande, les \u00c9tats-Unis, le Canada et d'autres pays.<\/p>\t\t\t\t\t\t\t\t<\/div> \t\t\t\t<div class=\"elementor-element elementor-element-6e32cf0 elementor-widget elementor-widget-heading\" data-id=\"6e32cf0\" data-element_type=\"widget\" data-e-type=\"widget\" data-widget_type=\"heading.default\"> \t\t\t\t\t<h2 class=\"elementor-heading-title elementor-size-default\">Notre \u00e9quipe R&amp;D<\/h2>\t\t\t\t<\/div> \t\t\t\t<div class=\"elementor-element elementor-element-4575dfe elementor-widget elementor-widget-text-editor\" data-id=\"4575dfe\" data-element_type=\"widget\" data-e-type=\"widget\" data-widget_type=\"text-editor.default\"> \t\t\t\t\t\t\t\t\t<p>Nous nous engageons \u00e0 fournir \u00e0 nos clients des machines de haute qualit\u00e9. Nous investissons donc beaucoup dans des experts en m\u00e9canique exceptionnels en tant que consultants. Et dans le processus de production, nous \u00e9coutons les commentaires des clients et am\u00e9liorons constamment la conception de la machine. Apr\u00e8s des ann\u00e9es de travail acharn\u00e9, nous avons produit des machines relativement matures et parfaites, et nos machines sont vendues dans le pays et \u00e0 l'\u00e9tranger.<\/p> <p>\u00c0 l'heure actuelle, notre machine a export\u00e9 vers l'Indon\u00e9sie, Duba\u00ef, le Sri Lanka, la Serbie, l'Argentine, les Pays-Bas, la Nouvelle-Z\u00e9lande, les \u00c9tats-Unis, le Canada et d'autres pays.<\/p>\t\t\t\t\t\t\t\t<\/div> \t\t\t\t<div class=\"elementor-element elementor-element-80317f3 elementor-widget elementor-widget-heading\" data-id=\"80317f3\" data-element_type=\"widget\" data-e-type=\"widget\" data-widget_type=\"heading.default\"> \t\t\t\t\t<h2 class=\"elementor-heading-title elementor-size-default\">Notre service<\/h2>\t\t\t\t<\/div> \t\t\t\t<div class=\"elementor-element elementor-element-6984c1a elementor-widget elementor-widget-text-editor\" data-id=\"6984c1a\" data-element_type=\"widget\" data-e-type=\"widget\" data-widget_type=\"text-editor.default\"> \t\t\t\t\t\t\t\t\t<p>Notre entreprise insiste constamment pour se concentrer sur les besoins et les int\u00e9r\u00eats des clients. Dans le processus de vente, nous maintenons une attitude sinc\u00e8re, une excellente qualit\u00e9 et un service parfait. Nous fournissons \u00e0 nos clients une gamme compl\u00e8te de services de la pr\u00e9vente \u00e0 l'apr\u00e8s-vente. Nous pouvons personnaliser des solutions de conception uniques pour les clients, fournir des devis d\u00e9taill\u00e9s en fonction des exigences du client, fournir des dessins de placement des machines et des services de conseils apr\u00e8s-vente minutieux en fonction des sites des clients.<\/p>\t\t\t\t\t\t\t\t<\/div> \t\t\t\t\t<\/div> \t\t<\/div> \t\t\t\t\t<\/div> \t\t<\/section> \t\t\t\t<\/div>","protected":false},"excerpt":{"rendered":"<p>Taizy Machinery Co.,Ltd. Zhengzhou Taizy Machinery Co., Ltd. is a comprehensive company that involved in the production, research, and development, manufacturing, and sales. Our company has been engaged in the production and sales of ice cream cone machines for more than ten years. Our goal is to provide customers with high quality and high-efficiency ice [&hellip;]<\/p>\n","protected":false},"author":1,"featured_media":0,"parent":0,"menu_order":0,"comment_status":"closed","ping_status":"closed","template":"elementor_header_footer","meta":{"footnotes":""},"class_list":["post-20","page","type-page","status-publish","hentry"],"_links":{"self":[{"href":"https:\/\/ice-cream-cones.com\/fr\/wp-json\/wp\/v2\/pages\/20","targetHints":{"allow":["GET"]}}],"collection":[{"href":"https:\/\/ice-cream-cones.com\/fr\/wp-json\/wp\/v2\/pages"}],"about":[{"href":"https:\/\/ice-cream-cones.com\/fr\/wp-json\/wp\/v2\/types\/page"}],"author":[{"embeddable":true,"href":"https:\/\/ice-cream-cones.com\/fr\/wp-json\/wp\/v2\/users\/1"}],"replies":[{"embeddable":true,"href":"https:\/\/ice-cream-cones.com\/fr\/wp-json\/wp\/v2\/comments?post=20"}],"version-history":[{"count":0,"href":"https:\/\/ice-cream-cones.com\/fr\/wp-json\/wp\/v2\/pages\/20\/revisions"}],"wp:attachment":[{"href":"https:\/\/ice-cream-cones.com\/fr\/wp-json\/wp\/v2\/media?parent=20"}],"curies":[{"name":"wp","href":"https:\/\/api.w.org\/{rel}","templated":true}]}}