{"id":592,"date":"2020-01-03T02:09:28","date_gmt":"2020-01-03T02:09:28","guid":{"rendered":"http:\/\/biscuit-maker.com\/?page_id=30"},"modified":"2024-05-16T15:44:26","modified_gmt":"2024-05-16T07:44:26","slug":"homepage","status":"publish","type":"page","link":"https:\/\/ice-cream-cones.com\/es\/","title":{"rendered":"P\u00e1gina principal"},"content":{"rendered":"<div data-elementor-type=\"wp-page\" data-elementor-id=\"592\" class=\"elementor elementor-592\" data-elementor-post-type=\"page\"> \t\t\t\t<div class=\"elementor-element elementor-element-8794582 e-flex e-con-boxed e-con e-parent\" data-id=\"8794582\" data-element_type=\"container\" data-e-type=\"container\" data-settings=\"{&quot;background_background&quot;:&quot;classic&quot;}\"> \t\t\t\t\t<div class=\"e-con-inner\"> \t\t\t\t<div class=\"elementor-element elementor-element-5f16b84 elementor-widget elementor-widget-heading\" data-id=\"5f16b84\" data-element_type=\"widget\" data-e-type=\"widget\" data-widget_type=\"heading.default\"> \t\t\t\t\t<h5 class=\"elementor-heading-title elementor-size-default\">taizy\u00ae<\/h5>\t\t\t\t<\/div> \t\t\t\t<div class=\"elementor-element elementor-element-0830475 elementor-widget elementor-widget-heading\" data-id=\"0830475\" data-element_type=\"widget\" data-e-type=\"widget\" data-widget_type=\"heading.default\"> \t\t\t\t\t<h2 class=\"elementor-heading-title elementor-size-default\">Fabricante profesional de m\u00e1quinas de conos de helado <\/h2>\t\t\t\t<\/div> \t\t\t\t<div class=\"elementor-element elementor-element-2bb64cf elementor-widget elementor-widget-text-editor\" data-id=\"2bb64cf\" data-element_type=\"widget\" data-e-type=\"widget\" data-widget_type=\"text-editor.default\"> \t\t\t\t\t\t\t\t\t<p>Estamos especializados en el desarrollo y producci\u00f3n de maquinaria para conos de helado, bienvenidos a negociar y enviarnos consultas.<\/p>\t\t\t\t\t\t\t\t<\/div> \t\t\t\t\t<\/div> \t\t\t\t<\/div> \t\t<div class=\"elementor-element elementor-element-14639e4 e-flex e-con-boxed e-con e-parent\" data-id=\"14639e4\" data-element_type=\"container\" data-e-type=\"container\"> \t\t\t\t\t<div class=\"e-con-inner\"> \t\t\t\t<div class=\"elementor-element elementor-element-b704b23 elementor-widget__width-initial elementor-widget elementor-widget-text-editor\" data-id=\"b704b23\" data-element_type=\"widget\" data-e-type=\"widget\" data-widget_type=\"text-editor.default\"> \t\t\t\t\t\t\t\t\t<p>Zhengzhou Taizy Machinery Co., Ltd. est\u00e1 especializada en la fabricaci\u00f3n de m\u00e1quinas para todo tipo de m\u00e1quinas de cono.<\/p><p>Nuestra empresa tiene como objetivo el servicio al cliente y se compromete a brindar a los clientes un servicio integral. Adem\u00e1s de brindar detalles profesionales de las m\u00e1quinas, tambi\u00e9n podemos brindarles a los clientes servicios integrales, como soluciones de construcci\u00f3n de f\u00e1bricas y an\u00e1lisis de mercado.<\/p>\t\t\t\t\t\t\t\t<\/div> \t\t\t\t<div class=\"elementor-element elementor-element-bcf5393 elementor-widget elementor-widget-image\" data-id=\"bcf5393\" data-element_type=\"widget\" data-e-type=\"widget\" data-widget_type=\"image.default\"> \t\t\t\t\t\t\t\t\t\t\t\t\t\t\t<img fetchpriority=\"high\" decoding=\"async\" width=\"720\" height=\"540\" src=\"https:\/\/ice-cream-cones.com\/wp-content\/uploads\/2020\/08\/cone-factory-show.jpg\" class=\"attachment-large size-large wp-image-805\" alt=\"exposici\u00f3n de la f\u00e1brica de conos de helado\" srcset=\"https:\/\/ice-cream-cones.com\/wp-content\/uploads\/2020\/08\/cone-factory-show.jpg 720w, https:\/\/ice-cream-cones.com\/wp-content\/uploads\/2020\/08\/cone-factory-show-400x300.jpg 400w\" sizes=\"(max-width: 720px) 100vw, 720px\" title=\"\">\t\t\t\t\t\t\t\t\t\t\t\t\t\t\t<\/div> \t\t\t\t\t<\/div> \t\t\t\t<\/div> \t\t<div class=\"elementor-element elementor-element-d070645 e-flex e-con-boxed e-con e-parent\" data-id=\"d070645\" data-element_type=\"container\" data-e-type=\"container\"> \t\t\t\t\t<div class=\"e-con-inner\"> \t\t\t\t<div class=\"elementor-element elementor-element-d1416dd elementor-widget elementor-widget-heading\" data-id=\"d1416dd\" data-element_type=\"widget\" data-e-type=\"widget\" data-widget_type=\"heading.default\"> \t\t\t\t\t<h2 class=\"elementor-heading-title elementor-size-xxl\">Centro de productos<\/h2>\t\t\t\t<\/div> \t\t\t\t<div class=\"elementor-element elementor-element-d577b9d elementor-widget-divider--view-line elementor-widget elementor-widget-divider\" data-id=\"d577b9d\" data-element_type=\"widget\" data-e-type=\"widget\" data-widget_type=\"divider.default\"> \t\t\t\t\t\t\t<div class=\"elementor-divider\"> \t\t\t<span class=\"elementor-divider-separator\"> \t\t\t\t\t\t<\/span> \t\t<\/div> \t\t\t\t\t\t<\/div> \t\t\t\t<div class=\"elementor-element elementor-element-84ee350 elementor-grid-2 elementor-posts--align-center elementor-grid-tablet-2 elementor-grid-mobile-1 elementor-posts--thumbnail-top elementor-widget elementor-widget-posts\" data-id=\"84ee350\" data-element_type=\"widget\" data-e-type=\"widget\" data-settings=\"{&quot;classic_columns&quot;:&quot;2&quot;,&quot;classic_columns_tablet&quot;:&quot;2&quot;,&quot;classic_columns_mobile&quot;:&quot;1&quot;,&quot;classic_row_gap&quot;:{&quot;unit&quot;:&quot;px&quot;,&quot;size&quot;:35,&quot;sizes&quot;:[]},&quot;classic_row_gap_tablet&quot;:{&quot;unit&quot;:&quot;px&quot;,&quot;size&quot;:&quot;&quot;,&quot;sizes&quot;:[]},&quot;classic_row_gap_mobile&quot;:{&quot;unit&quot;:&quot;px&quot;,&quot;size&quot;:&quot;&quot;,&quot;sizes&quot;:[]}}\" data-widget_type=\"posts.classic\"> \t\t\t\t<div class=\"elementor-widget-container\"> \t\t\t\t\t\t\t<div class=\"elementor-posts-container elementor-posts elementor-posts--skin-classic elementor-grid\" role=\"list\"> \t\t\t\t<article class=\"elementor-post elementor-grid-item post-1048 post type-post status-publish format-standard has-post-thumbnail hentry category-products tag-commercial-soft-serve-machine tag-soft-ice-cream tag-soft-ice-cream-maker tag-soft-serve-ice-cream-machine\" role=\"listitem\"> \t\t\t\t<a class=\"elementor-post__thumbnail__link\" href=\"https:\/\/ice-cream-cones.com\/es\/best-commercial-soft-serve-ice-cream-machine-2\/\" tabindex=\"-1\" > \t\t\t<div class=\"elementor-post__thumbnail\"><img decoding=\"async\" width=\"720\" height=\"540\" src=\"https:\/\/ice-cream-cones.com\/wp-content\/uploads\/2021\/05\/commercial-soft-serve-ice-cream-machine.jpg\" class=\"attachment-full size-full wp-image-1083\" alt=\"m\u00e1quina comercial de helado suave\" title=\"\" srcset=\"https:\/\/ice-cream-cones.com\/wp-content\/uploads\/2021\/05\/commercial-soft-serve-ice-cream-machine.jpg 720w, https:\/\/ice-cream-cones.com\/wp-content\/uploads\/2021\/05\/commercial-soft-serve-ice-cream-machine-400x300.jpg 400w\" sizes=\"(max-width: 720px) 100vw, 720px\" \/><\/div> \t\t<\/a> \t\t\t\t<div class=\"elementor-post__text\"> \t\t\t\t<h3 class=\"elementor-post__title\"> \t\t\t<a href=\"https:\/\/ice-cream-cones.com\/es\/best-commercial-soft-serve-ice-cream-machine-2\/\" > \t\t\t\tMejor M\u00e1quina Comercial de Helado Suave | Fabricante Profesional de Helado Suave\t\t\t<\/a> \t\t<\/h3> \t\t\t\t<\/div> \t\t\t\t<\/article> \t\t\t\t<article class=\"elementor-post elementor-grid-item post-1053 post type-post status-publish format-standard has-post-thumbnail hentry category-products tag-batch-ice-cream-freezer tag-commercial-ice-cream-freezer tag-gelato-making-equipment tag-hard-ice-cream-machine\" role=\"listitem\"> \t\t\t\t<a class=\"elementor-post__thumbnail__link\" href=\"https:\/\/ice-cream-cones.com\/es\/hard-ice-cream-maker\/\" tabindex=\"-1\" > \t\t\t<div class=\"elementor-post__thumbnail\"><img decoding=\"async\" width=\"720\" height=\"540\" src=\"https:\/\/ice-cream-cones.com\/wp-content\/uploads\/2021\/05\/commercial-hard-ice-cream-machine.jpg\" class=\"attachment-full size-full wp-image-1092\" alt=\"m\u00e1quina de helado de servicio duro\" title=\"\" srcset=\"https:\/\/ice-cream-cones.com\/wp-content\/uploads\/2021\/05\/commercial-hard-ice-cream-machine.jpg 720w, https:\/\/ice-cream-cones.com\/wp-content\/uploads\/2021\/05\/commercial-hard-ice-cream-machine-400x300.jpg 400w\" sizes=\"(max-width: 720px) 100vw, 720px\" \/><\/div> \t\t<\/a> \t\t\t\t<div class=\"elementor-post__text\"> \t\t\t\t<h3 class=\"elementor-post__title\"> \t\t\t<a href=\"https:\/\/ice-cream-cones.com\/es\/hard-ice-cream-maker\/\" > \t\t\t\tFabricante Comercial de Helado Duro | Equipo para Hacer Gelato\t\t\t<\/a> \t\t<\/h3> \t\t\t\t<\/div> \t\t\t\t<\/article> \t\t\t\t<article class=\"elementor-post elementor-grid-item post-979 post type-post status-publish format-standard has-post-thumbnail hentry category-products tag-ice-cream-filling-machine\" role=\"listitem\"> \t\t\t\t<a class=\"elementor-post__thumbnail__link\" href=\"https:\/\/ice-cream-cones.com\/es\/rotary-ice-cream-cup-and-cone-filling-machine\/\" tabindex=\"-1\" > \t\t\t<div class=\"elementor-post__thumbnail\"><img loading=\"lazy\" decoding=\"async\" width=\"720\" height=\"540\" src=\"https:\/\/ice-cream-cones.com\/wp-content\/uploads\/2021\/04\/Rotary-ice-cream-cone-and-cup-filling-machine.jpg\" class=\"attachment-full size-full wp-image-988\" alt=\"maquina llenadora de helado\" title=\"\" srcset=\"https:\/\/ice-cream-cones.com\/wp-content\/uploads\/2021\/04\/Rotary-ice-cream-cone-and-cup-filling-machine.jpg 720w, https:\/\/ice-cream-cones.com\/wp-content\/uploads\/2021\/04\/Rotary-ice-cream-cone-and-cup-filling-machine-400x300.jpg 400w\" sizes=\"(max-width: 720px) 100vw, 720px\" \/><\/div> \t\t<\/a> \t\t\t\t<div class=\"elementor-post__text\"> \t\t\t\t<h3 class=\"elementor-post__title\"> \t\t\t<a href=\"https:\/\/ice-cream-cones.com\/es\/rotary-ice-cream-cup-and-cone-filling-machine\/\" > \t\t\t\tM\u00e1quina rotativa de llenado de conos y copas de helado\t\t\t<\/a> \t\t<\/h3> \t\t\t\t<\/div> \t\t\t\t<\/article> \t\t\t\t<article class=\"elementor-post elementor-grid-item post-977 post type-post status-publish format-standard has-post-thumbnail hentry category-products tag-continuous-ice-cream-freezer\" role=\"listitem\"> \t\t\t\t<a class=\"elementor-post__thumbnail__link\" href=\"https:\/\/ice-cream-cones.com\/es\/continuous-ice-cream-freezer\/\" tabindex=\"-1\" > \t\t\t<div class=\"elementor-post__thumbnail\"><img loading=\"lazy\" decoding=\"async\" width=\"720\" height=\"540\" src=\"https:\/\/ice-cream-cones.com\/wp-content\/uploads\/2021\/04\/freezer.jpg\" class=\"attachment-full size-full wp-image-1140\" alt=\"congelador de helados\" title=\"\" srcset=\"https:\/\/ice-cream-cones.com\/wp-content\/uploads\/2021\/04\/freezer.jpg 720w, https:\/\/ice-cream-cones.com\/wp-content\/uploads\/2021\/04\/freezer-400x300.jpg 400w\" sizes=\"(max-width: 720px) 100vw, 720px\" \/><\/div> \t\t<\/a> \t\t\t\t<div class=\"elementor-post__text\"> \t\t\t\t<h3 class=\"elementor-post__title\"> \t\t\t<a href=\"https:\/\/ice-cream-cones.com\/es\/continuous-ice-cream-freezer\/\" > \t\t\t\tCongelador continuo de helados | heladera industrial\t\t\t<\/a> \t\t<\/h3> \t\t\t\t<\/div> \t\t\t\t<\/article> \t\t\t\t<article class=\"elementor-post elementor-grid-item post-691 post type-post status-publish format-standard has-post-thumbnail hentry category-products tag-wafer-cone-production-line\" role=\"listitem\"> \t\t\t\t<a class=\"elementor-post__thumbnail__link\" href=\"https:\/\/ice-cream-cones.com\/es\/automatic-mold-cone-production-line\/\" tabindex=\"-1\" > \t\t\t<div class=\"elementor-post__thumbnail\"><img loading=\"lazy\" decoding=\"async\" width=\"720\" height=\"540\" src=\"https:\/\/ice-cream-cones.com\/wp-content\/uploads\/2020\/07\/mold-cone-production-line.jpg\" class=\"attachment-full size-full wp-image-720\" alt=\"m\u00e1quina de conos de waffle completamente autom\u00e1tica\" title=\"\" srcset=\"https:\/\/ice-cream-cones.com\/wp-content\/uploads\/2020\/07\/mold-cone-production-line.jpg 720w, https:\/\/ice-cream-cones.com\/wp-content\/uploads\/2020\/07\/mold-cone-production-line-400x300.jpg 400w\" sizes=\"(max-width: 720px) 100vw, 720px\" \/><\/div> \t\t<\/a> \t\t\t\t<div class=\"elementor-post__text\"> \t\t\t\t<h3 class=\"elementor-post__title\"> \t\t\t<a href=\"https:\/\/ice-cream-cones.com\/es\/automatic-mold-cone-production-line\/\" > \t\t\t\tFabricante de l\u00ednea de producci\u00f3n de conos de oblea de helado completamente autom\u00e1tica\t\t\t<\/a> \t\t<\/h3> \t\t\t\t<\/div> \t\t\t\t<\/article> \t\t\t\t<article class=\"elementor-post elementor-grid-item post-689 post type-post status-publish format-standard has-post-thumbnail hentry category-products tag-wafer-cup-making-machine\" role=\"listitem\"> \t\t\t\t<a class=\"elementor-post__thumbnail__link\" href=\"https:\/\/ice-cream-cones.com\/es\/automatic-wafer-cup-cone-machine\/\" tabindex=\"-1\" > \t\t\t<div class=\"elementor-post__thumbnail\"><img loading=\"lazy\" decoding=\"async\" width=\"720\" height=\"540\" src=\"https:\/\/ice-cream-cones.com\/wp-content\/uploads\/2020\/07\/wafer-cup-cone-machine.jpg\" class=\"attachment-full size-full wp-image-722\" alt=\"m\u00e1quina de taza de caf\u00e9 comestible\" title=\"\" srcset=\"https:\/\/ice-cream-cones.com\/wp-content\/uploads\/2020\/07\/wafer-cup-cone-machine.jpg 720w, https:\/\/ice-cream-cones.com\/wp-content\/uploads\/2020\/07\/wafer-cup-cone-machine-400x300.jpg 400w\" sizes=\"(max-width: 720px) 100vw, 720px\" \/><\/div> \t\t<\/a> \t\t\t\t<div class=\"elementor-post__text\"> \t\t\t\t<h3 class=\"elementor-post__title\"> \t\t\t<a href=\"https:\/\/ice-cream-cones.com\/es\/automatic-wafer-cup-cone-machine\/\" > \t\t\t\tM\u00e1quina autom\u00e1tica para fabricar vasos de oblea | M\u00e1quina de taza de caf\u00e9 comestible\t\t\t<\/a> \t\t<\/h3> \t\t\t\t<\/div> \t\t\t\t<\/article> \t\t\t\t<\/div> \t\t \t\t\t\t\t\t<\/div> \t\t\t\t<\/div> \t\t\t\t\t<\/div> \t\t\t\t<\/div> \t\t<div class=\"elementor-element elementor-element-5a21bc3 e-flex e-con-boxed e-con e-parent\" data-id=\"5a21bc3\" data-element_type=\"container\" data-e-type=\"container\"> \t\t\t\t\t<div class=\"e-con-inner\"> \t\t\t\t<div class=\"elementor-element elementor-element-494b06e elementor-widget elementor-widget-heading\" data-id=\"494b06e\" data-element_type=\"widget\" data-e-type=\"widget\" data-widget_type=\"heading.default\"> \t\t\t\t\t<h2 class=\"elementor-heading-title elementor-size-xxl\">Centro de Noticias<\/h2>\t\t\t\t<\/div> \t\t\t\t<div class=\"elementor-element elementor-element-5b31bee elementor-widget-divider--view-line elementor-widget elementor-widget-divider\" data-id=\"5b31bee\" data-element_type=\"widget\" data-e-type=\"widget\" data-widget_type=\"divider.default\"> \t\t\t\t\t\t\t<div class=\"elementor-divider\"> \t\t\t<span class=\"elementor-divider-separator\"> \t\t\t\t\t\t<\/span> \t\t<\/div> \t\t\t\t\t\t<\/div> \t\t<div class=\"elementor-element elementor-element-eaf187f e-con-full e-flex e-con e-child\" data-id=\"eaf187f\" data-element_type=\"container\" data-e-type=\"container\"> \t\t<div class=\"elementor-element elementor-element-cc8f06f e-con-full e-flex e-con e-child\" data-id=\"cc8f06f\" data-element_type=\"container\" data-e-type=\"container\"> \t\t\t\t<div class=\"elementor-element elementor-element-433fe2c elementor-grid-6 elementor-posts--align-center elementor-grid-tablet-2 elementor-grid-mobile-1 elementor-posts--thumbnail-top elementor-widget elementor-widget-posts\" data-id=\"433fe2c\" data-element_type=\"widget\" data-e-type=\"widget\" data-settings=\"{&quot;classic_columns&quot;:&quot;6&quot;,&quot;classic_columns_tablet&quot;:&quot;2&quot;,&quot;classic_columns_mobile&quot;:&quot;1&quot;,&quot;classic_row_gap&quot;:{&quot;unit&quot;:&quot;px&quot;,&quot;size&quot;:35,&quot;sizes&quot;:[]},&quot;classic_row_gap_tablet&quot;:{&quot;unit&quot;:&quot;px&quot;,&quot;size&quot;:&quot;&quot;,&quot;sizes&quot;:[]},&quot;classic_row_gap_mobile&quot;:{&quot;unit&quot;:&quot;px&quot;,&quot;size&quot;:&quot;&quot;,&quot;sizes&quot;:[]}}\" data-widget_type=\"posts.classic\"> \t\t\t\t<div class=\"elementor-widget-container\"> \t\t\t\t\t\t\t<div class=\"elementor-posts-container elementor-posts elementor-posts--skin-classic elementor-grid\" role=\"list\"> \t\t\t\t<article class=\"elementor-post elementor-grid-item post-1048 post type-post status-publish format-standard has-post-thumbnail hentry category-products tag-commercial-soft-serve-machine tag-soft-ice-cream tag-soft-ice-cream-maker tag-soft-serve-ice-cream-machine\" role=\"listitem\"> \t\t\t\t<a class=\"elementor-post__thumbnail__link\" href=\"https:\/\/ice-cream-cones.com\/es\/best-commercial-soft-serve-ice-cream-machine-2\/\" tabindex=\"-1\" > \t\t\t<div class=\"elementor-post__thumbnail\"><img decoding=\"async\" width=\"720\" height=\"540\" src=\"https:\/\/ice-cream-cones.com\/wp-content\/uploads\/2021\/05\/commercial-soft-serve-ice-cream-machine.jpg\" class=\"attachment-full size-full wp-image-1083\" alt=\"m\u00e1quina comercial de helado suave\" title=\"\" srcset=\"https:\/\/ice-cream-cones.com\/wp-content\/uploads\/2021\/05\/commercial-soft-serve-ice-cream-machine.jpg 720w, https:\/\/ice-cream-cones.com\/wp-content\/uploads\/2021\/05\/commercial-soft-serve-ice-cream-machine-400x300.jpg 400w\" sizes=\"(max-width: 720px) 100vw, 720px\" \/><\/div> \t\t<\/a> \t\t\t\t<div class=\"elementor-post__text\"> \t\t\t\t<h3 class=\"elementor-post__title\"> \t\t\t<a href=\"https:\/\/ice-cream-cones.com\/es\/best-commercial-soft-serve-ice-cream-machine-2\/\" > \t\t\t\tMejor M\u00e1quina Comercial de Helado Suave | Fabricante Profesional de Helado Suave\t\t\t<\/a> \t\t<\/h3> \t\t\t\t<\/div> \t\t\t\t<\/article> \t\t\t\t<article class=\"elementor-post elementor-grid-item post-1053 post type-post status-publish format-standard has-post-thumbnail hentry category-products tag-batch-ice-cream-freezer tag-commercial-ice-cream-freezer tag-gelato-making-equipment tag-hard-ice-cream-machine\" role=\"listitem\"> \t\t\t\t<a class=\"elementor-post__thumbnail__link\" href=\"https:\/\/ice-cream-cones.com\/es\/hard-ice-cream-maker\/\" tabindex=\"-1\" > \t\t\t<div class=\"elementor-post__thumbnail\"><img decoding=\"async\" width=\"720\" height=\"540\" src=\"https:\/\/ice-cream-cones.com\/wp-content\/uploads\/2021\/05\/commercial-hard-ice-cream-machine.jpg\" class=\"attachment-full size-full wp-image-1092\" alt=\"m\u00e1quina de helado de servicio duro\" title=\"\" srcset=\"https:\/\/ice-cream-cones.com\/wp-content\/uploads\/2021\/05\/commercial-hard-ice-cream-machine.jpg 720w, https:\/\/ice-cream-cones.com\/wp-content\/uploads\/2021\/05\/commercial-hard-ice-cream-machine-400x300.jpg 400w\" sizes=\"(max-width: 720px) 100vw, 720px\" \/><\/div> \t\t<\/a> \t\t\t\t<div class=\"elementor-post__text\"> \t\t\t\t<h3 class=\"elementor-post__title\"> \t\t\t<a href=\"https:\/\/ice-cream-cones.com\/es\/hard-ice-cream-maker\/\" > \t\t\t\tFabricante Comercial de Helado Duro | Equipo para Hacer Gelato\t\t\t<\/a> \t\t<\/h3> \t\t\t\t<\/div> \t\t\t\t<\/article> \t\t\t\t<article class=\"elementor-post elementor-grid-item post-979 post type-post status-publish format-standard has-post-thumbnail hentry category-products tag-ice-cream-filling-machine\" role=\"listitem\"> \t\t\t\t<a class=\"elementor-post__thumbnail__link\" href=\"https:\/\/ice-cream-cones.com\/es\/rotary-ice-cream-cup-and-cone-filling-machine\/\" tabindex=\"-1\" > \t\t\t<div class=\"elementor-post__thumbnail\"><img loading=\"lazy\" decoding=\"async\" width=\"720\" height=\"540\" src=\"https:\/\/ice-cream-cones.com\/wp-content\/uploads\/2021\/04\/Rotary-ice-cream-cone-and-cup-filling-machine.jpg\" class=\"attachment-full size-full wp-image-988\" alt=\"maquina llenadora de helado\" title=\"\" srcset=\"https:\/\/ice-cream-cones.com\/wp-content\/uploads\/2021\/04\/Rotary-ice-cream-cone-and-cup-filling-machine.jpg 720w, https:\/\/ice-cream-cones.com\/wp-content\/uploads\/2021\/04\/Rotary-ice-cream-cone-and-cup-filling-machine-400x300.jpg 400w\" sizes=\"(max-width: 720px) 100vw, 720px\" \/><\/div> \t\t<\/a> \t\t\t\t<div class=\"elementor-post__text\"> \t\t\t\t<h3 class=\"elementor-post__title\"> \t\t\t<a href=\"https:\/\/ice-cream-cones.com\/es\/rotary-ice-cream-cup-and-cone-filling-machine\/\" > \t\t\t\tM\u00e1quina rotativa de llenado de conos y copas de helado\t\t\t<\/a> \t\t<\/h3> \t\t\t\t<\/div> \t\t\t\t<\/article> \t\t\t\t<article class=\"elementor-post elementor-grid-item post-977 post type-post status-publish format-standard has-post-thumbnail hentry category-products tag-continuous-ice-cream-freezer\" role=\"listitem\"> \t\t\t\t<a class=\"elementor-post__thumbnail__link\" href=\"https:\/\/ice-cream-cones.com\/es\/continuous-ice-cream-freezer\/\" tabindex=\"-1\" > \t\t\t<div class=\"elementor-post__thumbnail\"><img loading=\"lazy\" decoding=\"async\" width=\"720\" height=\"540\" src=\"https:\/\/ice-cream-cones.com\/wp-content\/uploads\/2021\/04\/freezer.jpg\" class=\"attachment-full size-full wp-image-1140\" alt=\"congelador de helados\" title=\"\" srcset=\"https:\/\/ice-cream-cones.com\/wp-content\/uploads\/2021\/04\/freezer.jpg 720w, https:\/\/ice-cream-cones.com\/wp-content\/uploads\/2021\/04\/freezer-400x300.jpg 400w\" sizes=\"(max-width: 720px) 100vw, 720px\" \/><\/div> \t\t<\/a> \t\t\t\t<div class=\"elementor-post__text\"> \t\t\t\t<h3 class=\"elementor-post__title\"> \t\t\t<a href=\"https:\/\/ice-cream-cones.com\/es\/continuous-ice-cream-freezer\/\" > \t\t\t\tCongelador continuo de helados | heladera industrial\t\t\t<\/a> \t\t<\/h3> \t\t\t\t<\/div> \t\t\t\t<\/article> \t\t\t\t<article class=\"elementor-post elementor-grid-item post-691 post type-post status-publish format-standard has-post-thumbnail hentry category-products tag-wafer-cone-production-line\" role=\"listitem\"> \t\t\t\t<a class=\"elementor-post__thumbnail__link\" href=\"https:\/\/ice-cream-cones.com\/es\/automatic-mold-cone-production-line\/\" tabindex=\"-1\" > \t\t\t<div class=\"elementor-post__thumbnail\"><img loading=\"lazy\" decoding=\"async\" width=\"720\" height=\"540\" src=\"https:\/\/ice-cream-cones.com\/wp-content\/uploads\/2020\/07\/mold-cone-production-line.jpg\" class=\"attachment-full size-full wp-image-720\" alt=\"m\u00e1quina de conos de waffle completamente autom\u00e1tica\" title=\"\" srcset=\"https:\/\/ice-cream-cones.com\/wp-content\/uploads\/2020\/07\/mold-cone-production-line.jpg 720w, https:\/\/ice-cream-cones.com\/wp-content\/uploads\/2020\/07\/mold-cone-production-line-400x300.jpg 400w\" sizes=\"(max-width: 720px) 100vw, 720px\" \/><\/div> \t\t<\/a> \t\t\t\t<div class=\"elementor-post__text\"> \t\t\t\t<h3 class=\"elementor-post__title\"> \t\t\t<a href=\"https:\/\/ice-cream-cones.com\/es\/automatic-mold-cone-production-line\/\" > \t\t\t\tFabricante de l\u00ednea de producci\u00f3n de conos de oblea de helado completamente autom\u00e1tica\t\t\t<\/a> \t\t<\/h3> \t\t\t\t<\/div> \t\t\t\t<\/article> \t\t\t\t<article class=\"elementor-post elementor-grid-item post-689 post type-post status-publish format-standard has-post-thumbnail hentry category-products tag-wafer-cup-making-machine\" role=\"listitem\"> \t\t\t\t<a class=\"elementor-post__thumbnail__link\" href=\"https:\/\/ice-cream-cones.com\/es\/automatic-wafer-cup-cone-machine\/\" tabindex=\"-1\" > \t\t\t<div class=\"elementor-post__thumbnail\"><img loading=\"lazy\" decoding=\"async\" width=\"720\" height=\"540\" src=\"https:\/\/ice-cream-cones.com\/wp-content\/uploads\/2020\/07\/wafer-cup-cone-machine.jpg\" class=\"attachment-full size-full wp-image-722\" alt=\"m\u00e1quina de taza de caf\u00e9 comestible\" title=\"\" srcset=\"https:\/\/ice-cream-cones.com\/wp-content\/uploads\/2020\/07\/wafer-cup-cone-machine.jpg 720w, https:\/\/ice-cream-cones.com\/wp-content\/uploads\/2020\/07\/wafer-cup-cone-machine-400x300.jpg 400w\" sizes=\"(max-width: 720px) 100vw, 720px\" \/><\/div> \t\t<\/a> \t\t\t\t<div class=\"elementor-post__text\"> \t\t\t\t<h3 class=\"elementor-post__title\"> \t\t\t<a href=\"https:\/\/ice-cream-cones.com\/es\/automatic-wafer-cup-cone-machine\/\" > \t\t\t\tM\u00e1quina autom\u00e1tica para fabricar vasos de oblea | M\u00e1quina de taza de caf\u00e9 comestible\t\t\t<\/a> \t\t<\/h3> \t\t\t\t<\/div> \t\t\t\t<\/article> \t\t\t\t<\/div> \t\t \t\t\t\t\t\t<\/div> \t\t\t\t<\/div> \t\t\t\t<\/div> \t\t<div class=\"elementor-element elementor-element-b0a8767 e-con-full e-flex e-con e-child\" data-id=\"b0a8767\" data-element_type=\"container\" data-e-type=\"container\" data-settings=\"{&quot;background_background&quot;:&quot;classic&quot;}\"> \t\t\t\t<div class=\"elementor-element elementor-element-f5d5520 elementor-widget elementor-widget-text-editor\" data-id=\"f5d5520\" data-element_type=\"widget\" data-e-type=\"widget\" data-widget_type=\"text-editor.default\"> \t\t\t\t\t\t\t\t\t<a style=\"color:#fff;\" href=\"https:\/\/ice-cream-cones.com\/es\/news\/\">Leer m\u00e1s\u00a0 &gt;&gt;&gt;<\/a>\t\t\t\t\t\t\t\t<\/div> \t\t\t\t<\/div> \t\t\t\t<\/div> \t\t\t\t\t<\/div> \t\t\t\t<\/div> \t\t\t\t<\/div>","protected":false},"excerpt":{"rendered":"<p>taizy\u00ae Fabricante profesional de m\u00e1quinas de conos de helado Estamos especializados en el desarrollo y producci\u00f3n de maquinaria de conos de helado, bienvenidos a negociar y enviar<\/p>","protected":false},"author":1,"featured_media":0,"parent":0,"menu_order":0,"comment_status":"closed","ping_status":"closed","template":"","meta":{"footnotes":""},"class_list":["post-592","page","type-page","status-publish","hentry"],"_links":{"self":[{"href":"https:\/\/ice-cream-cones.com\/es\/wp-json\/wp\/v2\/pages\/592","targetHints":{"allow":["GET"]}}],"collection":[{"href":"https:\/\/ice-cream-cones.com\/es\/wp-json\/wp\/v2\/pages"}],"about":[{"href":"https:\/\/ice-cream-cones.com\/es\/wp-json\/wp\/v2\/types\/page"}],"author":[{"embeddable":true,"href":"https:\/\/ice-cream-cones.com\/es\/wp-json\/wp\/v2\/users\/1"}],"replies":[{"embeddable":true,"href":"https:\/\/ice-cream-cones.com\/es\/wp-json\/wp\/v2\/comments?post=592"}],"version-history":[{"count":0,"href":"https:\/\/ice-cream-cones.com\/es\/wp-json\/wp\/v2\/pages\/592\/revisions"}],"wp:attachment":[{"href":"https:\/\/ice-cream-cones.com\/es\/wp-json\/wp\/v2\/media?parent=592"}],"curies":[{"name":"wp","href":"https:\/\/api.w.org\/{rel}","templated":true}]}}