{"id":20,"date":"2020-07-10T09:38:01","date_gmt":"2020-07-10T09:38:01","guid":{"rendered":"https:\/\/ice-cream-cones.com\/?page_id=20"},"modified":"2020-07-25T02:18:46","modified_gmt":"2020-07-25T02:18:46","slug":"about-us","status":"publish","type":"page","link":"https:\/\/ice-cream-cones.com\/es\/about-us\/","title":{"rendered":"Sobre nosotros"},"content":{"rendered":"<div data-elementor-type=\"wp-page\" data-elementor-id=\"20\" class=\"elementor elementor-20\" data-elementor-post-type=\"page\"> \t\t\t\t\t\t<section class=\"elementor-section elementor-top-section elementor-element elementor-element-9752965 elementor-section-boxed elementor-section-height-default elementor-section-height-default\" data-id=\"9752965\" data-element_type=\"section\" data-e-type=\"section\"> \t\t\t\t\t\t<div class=\"elementor-container elementor-column-gap-default\"> \t\t\t\t\t<div class=\"elementor-column elementor-col-100 elementor-top-column elementor-element elementor-element-6415525\" data-id=\"6415525\" data-element_type=\"column\" data-e-type=\"column\"> \t\t\t<div class=\"elementor-widget-wrap elementor-element-populated\"> \t\t\t\t\t\t<div class=\"elementor-element elementor-element-2c3debb elementor-widget elementor-widget-heading\" data-id=\"2c3debb\" data-element_type=\"widget\" data-e-type=\"widget\" data-widget_type=\"heading.default\"> \t\t\t\t\t<h2 class=\"elementor-heading-title elementor-size-default\">Taizy Machinery Co., Ltd.<\/h2>\t\t\t\t<\/div> \t\t\t\t<div class=\"elementor-element elementor-element-752e9dc elementor-widget-divider--view-line elementor-widget elementor-widget-divider\" data-id=\"752e9dc\" data-element_type=\"widget\" data-e-type=\"widget\" data-widget_type=\"divider.default\"> \t\t\t\t\t\t\t<div class=\"elementor-divider\"> \t\t\t<span class=\"elementor-divider-separator\"> \t\t\t\t\t\t<\/span> \t\t<\/div> \t\t\t\t\t\t<\/div> \t\t\t\t\t<\/div> \t\t<\/div> \t\t\t\t\t<\/div> \t\t<\/section> \t\t\t\t<section class=\"elementor-section elementor-top-section elementor-element elementor-element-1287766 elementor-section-boxed elementor-section-height-default elementor-section-height-default\" data-id=\"1287766\" data-element_type=\"section\" data-e-type=\"section\"> \t\t\t\t\t\t<div class=\"elementor-container elementor-column-gap-default\"> \t\t\t\t\t<div class=\"elementor-column elementor-col-100 elementor-top-column elementor-element elementor-element-5c3b247\" data-id=\"5c3b247\" data-element_type=\"column\" data-e-type=\"column\"> \t\t\t<div class=\"elementor-widget-wrap elementor-element-populated\"> \t\t\t\t\t\t<div class=\"elementor-element elementor-element-6581605 elementor-widget elementor-widget-image\" data-id=\"6581605\" data-element_type=\"widget\" data-e-type=\"widget\" data-widget_type=\"image.default\"> \t\t\t\t\t\t\t\t\t\t\t\t\t\t\t<img fetchpriority=\"high\" decoding=\"async\" width=\"800\" height=\"334\" src=\"https:\/\/ice-cream-cones.com\/wp-content\/uploads\/2020\/07\/Taizy-company-880x367.jpg\" class=\"attachment-large size-large wp-image-98\" alt=\"\" srcset=\"https:\/\/ice-cream-cones.com\/wp-content\/uploads\/2020\/07\/Taizy-company-880x367.jpg 880w, https:\/\/ice-cream-cones.com\/wp-content\/uploads\/2020\/07\/Taizy-company-440x183.jpg 440w, https:\/\/ice-cream-cones.com\/wp-content\/uploads\/2020\/07\/Taizy-company-768x320.jpg 768w, https:\/\/ice-cream-cones.com\/wp-content\/uploads\/2020\/07\/Taizy-company-1536x640.jpg 1536w, https:\/\/ice-cream-cones.com\/wp-content\/uploads\/2020\/07\/Taizy-company.jpg 1920w\" sizes=\"(max-width: 800px) 100vw, 800px\" title=\"\">\t\t\t\t\t\t\t\t\t\t\t\t\t\t\t<\/div> \t\t\t\t\t<\/div> \t\t<\/div> \t\t\t\t\t<\/div> \t\t<\/section> \t\t\t\t<section class=\"elementor-section elementor-top-section elementor-element elementor-element-5d5ac8f elementor-section-boxed elementor-section-height-default elementor-section-height-default\" data-id=\"5d5ac8f\" data-element_type=\"section\" data-e-type=\"section\"> \t\t\t\t\t\t<div class=\"elementor-container elementor-column-gap-default\"> \t\t\t\t\t<div class=\"elementor-column elementor-col-100 elementor-top-column elementor-element elementor-element-de8b005\" data-id=\"de8b005\" data-element_type=\"column\" data-e-type=\"column\"> \t\t\t<div class=\"elementor-widget-wrap elementor-element-populated\"> \t\t\t\t\t\t<div class=\"elementor-element elementor-element-0403ad0 elementor-widget elementor-widget-text-editor\" data-id=\"0403ad0\" data-element_type=\"widget\" data-e-type=\"widget\" data-widget_type=\"text-editor.default\"> \t\t\t\t\t\t\t\t\t<p>Zhengzhou Taizy Machinery Co., Ltd. es una empresa integral que participa en la producci\u00f3n, investigaci\u00f3n, desarrollo, fabricaci\u00f3n y ventas. Nuestra empresa se dedica a la producci\u00f3n y venta de m\u00e1quinas de conos de helado desde hace m\u00e1s de diez a\u00f1os. Nuestro objetivo es proporcionar a los clientes m\u00e1quinas de conos de helado de alta calidad y alta eficiencia.<\/p>\t\t\t\t\t\t\t\t<\/div> \t\t\t\t\t<\/div> \t\t<\/div> \t\t\t\t\t<\/div> \t\t<\/section> \t\t\t\t<section class=\"elementor-section elementor-top-section elementor-element elementor-element-f36afc5 elementor-section-boxed elementor-section-height-default elementor-section-height-default\" data-id=\"f36afc5\" data-element_type=\"section\" data-e-type=\"section\"> \t\t\t\t\t\t<div class=\"elementor-container elementor-column-gap-default\"> \t\t\t\t\t<div class=\"elementor-column elementor-col-100 elementor-top-column elementor-element elementor-element-c129986\" data-id=\"c129986\" data-element_type=\"column\" data-e-type=\"column\"> \t\t\t<div class=\"elementor-widget-wrap elementor-element-populated\"> \t\t\t\t\t\t<div class=\"elementor-element elementor-element-88610b7 elementor-widget elementor-widget-heading\" data-id=\"88610b7\" data-element_type=\"widget\" data-e-type=\"widget\" data-widget_type=\"heading.default\"> \t\t\t\t\t<h2 class=\"elementor-heading-title elementor-size-default\">Nuestros productos y mercado<\/h2>\t\t\t\t<\/div> \t\t\t\t<div class=\"elementor-element elementor-element-c8db25a elementor-widget elementor-widget-text-editor\" data-id=\"c8db25a\" data-element_type=\"widget\" data-e-type=\"widget\" data-widget_type=\"text-editor.default\"> \t\t\t\t\t\t\t\t\t<p>Proporcionamos a los clientes m\u00e1quinas que producen conos de varias formas. Por ejemplo, forma de taza, forma de cuenco, flor u otras formas de cono. Nuestros productos principales son la m\u00e1quina de conos de oblea y la m\u00e1quina de conos crujientes. No solo proporcionamos a los clientes una sola m\u00e1quina en la l\u00ednea de producci\u00f3n, sino que tambi\u00e9n incluimos una l\u00ednea de producci\u00f3n compuesta por una variedad de equipos.<\/p> <p>En la actualidad, nuestra m\u00e1quina ha exportado a Indonesia, Dubai, Sri Lanka, Serbia, Argentina, Pa\u00edses Bajos, Nueva Zelanda, Estados Unidos, Canad\u00e1 y otros pa\u00edses.<\/p>\t\t\t\t\t\t\t\t<\/div> \t\t\t\t<div class=\"elementor-element elementor-element-6e32cf0 elementor-widget elementor-widget-heading\" data-id=\"6e32cf0\" data-element_type=\"widget\" data-e-type=\"widget\" data-widget_type=\"heading.default\"> \t\t\t\t\t<h2 class=\"elementor-heading-title elementor-size-default\">Nuestro equipo de I+D<\/h2>\t\t\t\t<\/div> \t\t\t\t<div class=\"elementor-element elementor-element-4575dfe elementor-widget elementor-widget-text-editor\" data-id=\"4575dfe\" data-element_type=\"widget\" data-e-type=\"widget\" data-widget_type=\"text-editor.default\"> \t\t\t\t\t\t\t\t\t<p>Estamos comprometidos a proporcionar a los clientes m\u00e1quinas de alta calidad. Por eso hacemos una gran inversi\u00f3n en destacados expertos mec\u00e1nicos como consultores. Y en el proceso de producci\u00f3n, escuchamos los comentarios de los clientes y mejoramos constantemente el dise\u00f1o de la m\u00e1quina. Despu\u00e9s de a\u00f1os de arduo trabajo, hemos producido m\u00e1quinas relativamente maduras y perfectas, y nuestras m\u00e1quinas se venden en el pa\u00eds y en el extranjero.<\/p> <p>En la actualidad, nuestra m\u00e1quina ha exportado a Indonesia, Dubai, Sri Lanka, Serbia, Argentina, Pa\u00edses Bajos, Nueva Zelanda, Estados Unidos, Canad\u00e1 y otros pa\u00edses.<\/p>\t\t\t\t\t\t\t\t<\/div> \t\t\t\t<div class=\"elementor-element elementor-element-80317f3 elementor-widget elementor-widget-heading\" data-id=\"80317f3\" data-element_type=\"widget\" data-e-type=\"widget\" data-widget_type=\"heading.default\"> \t\t\t\t\t<h2 class=\"elementor-heading-title elementor-size-default\">Nuestro servicio<\/h2>\t\t\t\t<\/div> \t\t\t\t<div class=\"elementor-element elementor-element-6984c1a elementor-widget elementor-widget-text-editor\" data-id=\"6984c1a\" data-element_type=\"widget\" data-e-type=\"widget\" data-widget_type=\"text-editor.default\"> \t\t\t\t\t\t\t\t\t<p>Todo el tiempo, nuestra empresa insiste en centrarse en las necesidades e intereses del cliente. En el proceso de venta mantenemos una actitud sincera, excelente calidad y perfecto servicio. Ofrecemos a los clientes una gama completa de servicios desde la preventa hasta la posventa. Podemos personalizar soluciones de dise\u00f1o \u00fanicas para los clientes, proporcionar cotizaciones detalladas de acuerdo con los requisitos del cliente, proporcionar planos de ubicaci\u00f3n de la m\u00e1quina y cuidadosos servicios de orientaci\u00f3n posventa de acuerdo con los sitios del cliente.<\/p>\t\t\t\t\t\t\t\t<\/div> \t\t\t\t\t<\/div> \t\t<\/div> \t\t\t\t\t<\/div> \t\t<\/section> \t\t\t\t<\/div>","protected":false},"excerpt":{"rendered":"<p>Taizy Machinery Co.,Ltd. Zhengzhou Taizy Machinery Co., Ltd. is a comprehensive company that involved in the production, research, and development, manufacturing, and sales. Our company has been engaged in the production and sales of ice cream cone machines for more than ten years. Our goal is to provide customers with high quality and high-efficiency ice [&hellip;]<\/p>\n","protected":false},"author":1,"featured_media":0,"parent":0,"menu_order":0,"comment_status":"closed","ping_status":"closed","template":"elementor_header_footer","meta":{"footnotes":""},"class_list":["post-20","page","type-page","status-publish","hentry"],"_links":{"self":[{"href":"https:\/\/ice-cream-cones.com\/es\/wp-json\/wp\/v2\/pages\/20","targetHints":{"allow":["GET"]}}],"collection":[{"href":"https:\/\/ice-cream-cones.com\/es\/wp-json\/wp\/v2\/pages"}],"about":[{"href":"https:\/\/ice-cream-cones.com\/es\/wp-json\/wp\/v2\/types\/page"}],"author":[{"embeddable":true,"href":"https:\/\/ice-cream-cones.com\/es\/wp-json\/wp\/v2\/users\/1"}],"replies":[{"embeddable":true,"href":"https:\/\/ice-cream-cones.com\/es\/wp-json\/wp\/v2\/comments?post=20"}],"version-history":[{"count":0,"href":"https:\/\/ice-cream-cones.com\/es\/wp-json\/wp\/v2\/pages\/20\/revisions"}],"wp:attachment":[{"href":"https:\/\/ice-cream-cones.com\/es\/wp-json\/wp\/v2\/media?parent=20"}],"curies":[{"name":"wp","href":"https:\/\/api.w.org\/{rel}","templated":true}]}}