{"id":592,"date":"2020-01-03T02:09:28","date_gmt":"2020-01-03T02:09:28","guid":{"rendered":"http:\/\/biscuit-maker.com\/?page_id=30"},"modified":"2024-05-16T15:44:26","modified_gmt":"2024-05-16T07:44:26","slug":"homepage","status":"publish","type":"page","link":"https:\/\/ice-cream-cones.com\/de\/","title":{"rendered":"Homepage"},"content":{"rendered":"<div data-elementor-type=\"wp-page\" data-elementor-id=\"592\" class=\"elementor elementor-592\" data-elementor-post-type=\"page\"> \t\t\t\t<div class=\"elementor-element elementor-element-8794582 e-flex e-con-boxed e-con e-parent\" data-id=\"8794582\" data-element_type=\"container\" data-e-type=\"container\" data-settings=\"{&quot;background_background&quot;:&quot;classic&quot;}\"> \t\t\t\t\t<div class=\"e-con-inner\"> \t\t\t\t<div class=\"elementor-element elementor-element-5f16b84 elementor-widget elementor-widget-heading\" data-id=\"5f16b84\" data-element_type=\"widget\" data-e-type=\"widget\" data-widget_type=\"heading.default\"> \t\t\t\t\t<h5 class=\"elementor-heading-title elementor-size-default\">taizy\u00ae<\/h5>\t\t\t\t<\/div> \t\t\t\t<div class=\"elementor-element elementor-element-0830475 elementor-widget elementor-widget-heading\" data-id=\"0830475\" data-element_type=\"widget\" data-e-type=\"widget\" data-widget_type=\"heading.default\"> \t\t\t\t\t<h2 class=\"elementor-heading-title elementor-size-default\">Professioneller Hersteller von Eist\u00fctenmaschinen <\/h2>\t\t\t\t<\/div> \t\t\t\t<div class=\"elementor-element elementor-element-2bb64cf elementor-widget elementor-widget-text-editor\" data-id=\"2bb64cf\" data-element_type=\"widget\" data-e-type=\"widget\" data-widget_type=\"text-editor.default\"> \t\t\t\t\t\t\t\t\t<p>Wir sind auf die Entwicklung und Produktion von Maschinen f\u00fcr Eist\u00fcten spezialisiert. Gerne k\u00f6nnen wir verhandeln und eine Anfrage an uns senden<\/p>\t\t\t\t\t\t\t\t<\/div> \t\t\t\t\t<\/div> \t\t\t\t<\/div> \t\t<div class=\"elementor-element elementor-element-14639e4 e-flex e-con-boxed e-con e-parent\" data-id=\"14639e4\" data-element_type=\"container\" data-e-type=\"container\"> \t\t\t\t\t<div class=\"e-con-inner\"> \t\t\t\t<div class=\"elementor-element elementor-element-b704b23 elementor-widget__width-initial elementor-widget elementor-widget-text-editor\" data-id=\"b704b23\" data-element_type=\"widget\" data-e-type=\"widget\" data-widget_type=\"text-editor.default\"> \t\t\t\t\t\t\t\t\t<p>Zhengzhou Taizy Machinery\u00a0Co., Ltd. ist auf die Herstellung von Maschinen f\u00fcr alle Arten von Kegelmaschinen spezialisiert.<\/p><p>Unser Unternehmen sieht den Kundenservice als seinen Zweck und ist bestrebt, seinen Kunden einen umfassenden Service zu bieten. Neben der Bereitstellung professioneller Maschinendetails k\u00f6nnen wir unseren Kunden auch umfassende Dienstleistungen wie Fabrikbaul\u00f6sungen und Marktanalysen anbieten.<\/p>\t\t\t\t\t\t\t\t<\/div> \t\t\t\t<div class=\"elementor-element elementor-element-bcf5393 elementor-widget elementor-widget-image\" data-id=\"bcf5393\" data-element_type=\"widget\" data-e-type=\"widget\" data-widget_type=\"image.default\"> \t\t\t\t\t\t\t\t\t\t\t\t\t\t\t<img fetchpriority=\"high\" decoding=\"async\" width=\"720\" height=\"540\" src=\"https:\/\/ice-cream-cones.com\/wp-content\/uploads\/2020\/08\/cone-factory-show.jpg\" class=\"attachment-large size-large wp-image-805\" alt=\"Eiscreme -Kegelfabrik -Show\" srcset=\"https:\/\/ice-cream-cones.com\/wp-content\/uploads\/2020\/08\/cone-factory-show.jpg 720w, https:\/\/ice-cream-cones.com\/wp-content\/uploads\/2020\/08\/cone-factory-show-400x300.jpg 400w\" sizes=\"(max-width: 720px) 100vw, 720px\" title=\"\">\t\t\t\t\t\t\t\t\t\t\t\t\t\t\t<\/div> \t\t\t\t\t<\/div> \t\t\t\t<\/div> \t\t<div class=\"elementor-element elementor-element-d070645 e-flex e-con-boxed e-con e-parent\" data-id=\"d070645\" data-element_type=\"container\" data-e-type=\"container\"> \t\t\t\t\t<div class=\"e-con-inner\"> \t\t\t\t<div class=\"elementor-element elementor-element-d1416dd elementor-widget elementor-widget-heading\" data-id=\"d1416dd\" data-element_type=\"widget\" data-e-type=\"widget\" data-widget_type=\"heading.default\"> \t\t\t\t\t<h2 class=\"elementor-heading-title elementor-size-xxl\">Produktcenter<\/h2>\t\t\t\t<\/div> \t\t\t\t<div class=\"elementor-element elementor-element-d577b9d elementor-widget-divider--view-line elementor-widget elementor-widget-divider\" data-id=\"d577b9d\" data-element_type=\"widget\" data-e-type=\"widget\" data-widget_type=\"divider.default\"> \t\t\t\t\t\t\t<div class=\"elementor-divider\"> \t\t\t<span class=\"elementor-divider-separator\"> \t\t\t\t\t\t<\/span> \t\t<\/div> \t\t\t\t\t\t<\/div> \t\t\t\t<div class=\"elementor-element elementor-element-84ee350 elementor-grid-2 elementor-posts--align-center elementor-grid-tablet-2 elementor-grid-mobile-1 elementor-posts--thumbnail-top elementor-widget elementor-widget-posts\" data-id=\"84ee350\" data-element_type=\"widget\" data-e-type=\"widget\" data-settings=\"{&quot;classic_columns&quot;:&quot;2&quot;,&quot;classic_columns_tablet&quot;:&quot;2&quot;,&quot;classic_columns_mobile&quot;:&quot;1&quot;,&quot;classic_row_gap&quot;:{&quot;unit&quot;:&quot;px&quot;,&quot;size&quot;:35,&quot;sizes&quot;:[]},&quot;classic_row_gap_tablet&quot;:{&quot;unit&quot;:&quot;px&quot;,&quot;size&quot;:&quot;&quot;,&quot;sizes&quot;:[]},&quot;classic_row_gap_mobile&quot;:{&quot;unit&quot;:&quot;px&quot;,&quot;size&quot;:&quot;&quot;,&quot;sizes&quot;:[]}}\" data-widget_type=\"posts.classic\"> \t\t\t\t<div class=\"elementor-widget-container\"> \t\t\t\t\t\t\t<div class=\"elementor-posts-container elementor-posts elementor-posts--skin-classic elementor-grid\" role=\"list\"> \t\t\t\t<article class=\"elementor-post elementor-grid-item post-1048 post type-post status-publish format-standard has-post-thumbnail hentry category-products tag-commercial-soft-serve-machine tag-soft-ice-cream tag-soft-ice-cream-maker tag-soft-serve-ice-cream-machine\" role=\"listitem\"> \t\t\t\t<a class=\"elementor-post__thumbnail__link\" href=\"https:\/\/ice-cream-cones.com\/de\/best-commercial-soft-serve-ice-cream-machine-2\/\" tabindex=\"-1\" > \t\t\t<div class=\"elementor-post__thumbnail\"><img decoding=\"async\" width=\"720\" height=\"540\" src=\"https:\/\/ice-cream-cones.com\/wp-content\/uploads\/2021\/05\/commercial-soft-serve-ice-cream-machine.jpg\" class=\"attachment-full size-full wp-image-1083\" alt=\"kommerzielle Softeismaschine\" title=\"\" srcset=\"https:\/\/ice-cream-cones.com\/wp-content\/uploads\/2021\/05\/commercial-soft-serve-ice-cream-machine.jpg 720w, https:\/\/ice-cream-cones.com\/wp-content\/uploads\/2021\/05\/commercial-soft-serve-ice-cream-machine-400x300.jpg 400w\" sizes=\"(max-width: 720px) 100vw, 720px\" \/><\/div> \t\t<\/a> \t\t\t\t<div class=\"elementor-post__text\"> \t\t\t\t<h3 class=\"elementor-post__title\"> \t\t\t<a href=\"https:\/\/ice-cream-cones.com\/de\/best-commercial-soft-serve-ice-cream-machine-2\/\" > \t\t\t\tBeste gewerbliche Soft-Serve-Maschine | Professioneller Soft-Eiscreme-Maschinenhersteller\t\t\t<\/a> \t\t<\/h3> \t\t\t\t<\/div> \t\t\t\t<\/article> \t\t\t\t<article class=\"elementor-post elementor-grid-item post-1053 post type-post status-publish format-standard has-post-thumbnail hentry category-products tag-batch-ice-cream-freezer tag-commercial-ice-cream-freezer tag-gelato-making-equipment tag-hard-ice-cream-machine\" role=\"listitem\"> \t\t\t\t<a class=\"elementor-post__thumbnail__link\" href=\"https:\/\/ice-cream-cones.com\/de\/hard-ice-cream-maker\/\" tabindex=\"-1\" > \t\t\t<div class=\"elementor-post__thumbnail\"><img decoding=\"async\" width=\"720\" height=\"540\" src=\"https:\/\/ice-cream-cones.com\/wp-content\/uploads\/2021\/05\/commercial-hard-ice-cream-machine.jpg\" class=\"attachment-full size-full wp-image-1092\" alt=\"Harteismaschine\" title=\"\" srcset=\"https:\/\/ice-cream-cones.com\/wp-content\/uploads\/2021\/05\/commercial-hard-ice-cream-machine.jpg 720w, https:\/\/ice-cream-cones.com\/wp-content\/uploads\/2021\/05\/commercial-hard-ice-cream-machine-400x300.jpg 400w\" sizes=\"(max-width: 720px) 100vw, 720px\" \/><\/div> \t\t<\/a> \t\t\t\t<div class=\"elementor-post__text\"> \t\t\t\t<h3 class=\"elementor-post__title\"> \t\t\t<a href=\"https:\/\/ice-cream-cones.com\/de\/hard-ice-cream-maker\/\" > \t\t\t\tGewerbliche Hart-Eiscreme-Maschine | Gelato-Herstellungsger\u00e4te\t\t\t<\/a> \t\t<\/h3> \t\t\t\t<\/div> \t\t\t\t<\/article> \t\t\t\t<article class=\"elementor-post elementor-grid-item post-979 post type-post status-publish format-standard has-post-thumbnail hentry category-products tag-ice-cream-filling-machine\" role=\"listitem\"> \t\t\t\t<a class=\"elementor-post__thumbnail__link\" href=\"https:\/\/ice-cream-cones.com\/de\/rotary-ice-cream-cup-and-cone-filling-machine\/\" tabindex=\"-1\" > \t\t\t<div class=\"elementor-post__thumbnail\"><img loading=\"lazy\" decoding=\"async\" width=\"720\" height=\"540\" src=\"https:\/\/ice-cream-cones.com\/wp-content\/uploads\/2021\/04\/Rotary-ice-cream-cone-and-cup-filling-machine.jpg\" class=\"attachment-full size-full wp-image-988\" alt=\"Eisf\u00fcllmaschine\" title=\"\" srcset=\"https:\/\/ice-cream-cones.com\/wp-content\/uploads\/2021\/04\/Rotary-ice-cream-cone-and-cup-filling-machine.jpg 720w, https:\/\/ice-cream-cones.com\/wp-content\/uploads\/2021\/04\/Rotary-ice-cream-cone-and-cup-filling-machine-400x300.jpg 400w\" sizes=\"(max-width: 720px) 100vw, 720px\" \/><\/div> \t\t<\/a> \t\t\t\t<div class=\"elementor-post__text\"> \t\t\t\t<h3 class=\"elementor-post__title\"> \t\t\t<a href=\"https:\/\/ice-cream-cones.com\/de\/rotary-ice-cream-cup-and-cone-filling-machine\/\" > \t\t\t\tRotierende Eisbecher- und Kegelf\u00fcllmaschine\t\t\t<\/a> \t\t<\/h3> \t\t\t\t<\/div> \t\t\t\t<\/article> \t\t\t\t<article class=\"elementor-post elementor-grid-item post-977 post type-post status-publish format-standard has-post-thumbnail hentry category-products tag-continuous-ice-cream-freezer\" role=\"listitem\"> \t\t\t\t<a class=\"elementor-post__thumbnail__link\" href=\"https:\/\/ice-cream-cones.com\/de\/continuous-ice-cream-freezer\/\" tabindex=\"-1\" > \t\t\t<div class=\"elementor-post__thumbnail\"><img loading=\"lazy\" decoding=\"async\" width=\"720\" height=\"540\" src=\"https:\/\/ice-cream-cones.com\/wp-content\/uploads\/2021\/04\/freezer.jpg\" class=\"attachment-full size-full wp-image-1140\" alt=\"Eiscreme-Gefrierschrank\" title=\"\" srcset=\"https:\/\/ice-cream-cones.com\/wp-content\/uploads\/2021\/04\/freezer.jpg 720w, https:\/\/ice-cream-cones.com\/wp-content\/uploads\/2021\/04\/freezer-400x300.jpg 400w\" sizes=\"(max-width: 720px) 100vw, 720px\" \/><\/div> \t\t<\/a> \t\t\t\t<div class=\"elementor-post__text\"> \t\t\t\t<h3 class=\"elementor-post__title\"> \t\t\t<a href=\"https:\/\/ice-cream-cones.com\/de\/continuous-ice-cream-freezer\/\" > \t\t\t\tKontinuierlicher Eiscreme-Gefrierschrank | Industrielle Eismaschine\t\t\t<\/a> \t\t<\/h3> \t\t\t\t<\/div> \t\t\t\t<\/article> \t\t\t\t<article class=\"elementor-post elementor-grid-item post-691 post type-post status-publish format-standard has-post-thumbnail hentry category-products tag-wafer-cone-production-line\" role=\"listitem\"> \t\t\t\t<a class=\"elementor-post__thumbnail__link\" href=\"https:\/\/ice-cream-cones.com\/de\/automatic-mold-cone-production-line\/\" tabindex=\"-1\" > \t\t\t<div class=\"elementor-post__thumbnail\"><img loading=\"lazy\" decoding=\"async\" width=\"720\" height=\"540\" src=\"https:\/\/ice-cream-cones.com\/wp-content\/uploads\/2020\/07\/mold-cone-production-line.jpg\" class=\"attachment-full size-full wp-image-720\" alt=\"vollautomatische Waffelwaffelmaschine\" title=\"\" srcset=\"https:\/\/ice-cream-cones.com\/wp-content\/uploads\/2020\/07\/mold-cone-production-line.jpg 720w, https:\/\/ice-cream-cones.com\/wp-content\/uploads\/2020\/07\/mold-cone-production-line-400x300.jpg 400w\" sizes=\"(max-width: 720px) 100vw, 720px\" \/><\/div> \t\t<\/a> \t\t\t\t<div class=\"elementor-post__text\"> \t\t\t\t<h3 class=\"elementor-post__title\"> \t\t\t<a href=\"https:\/\/ice-cream-cones.com\/de\/automatic-mold-cone-production-line\/\" > \t\t\t\tHersteller einer vollautomatischen Eiswaffelt\u00fcten-Produktionslinie\t\t\t<\/a> \t\t<\/h3> \t\t\t\t<\/div> \t\t\t\t<\/article> \t\t\t\t<article class=\"elementor-post elementor-grid-item post-689 post type-post status-publish format-standard has-post-thumbnail hentry category-products tag-wafer-cup-making-machine\" role=\"listitem\"> \t\t\t\t<a class=\"elementor-post__thumbnail__link\" href=\"https:\/\/ice-cream-cones.com\/de\/automatic-wafer-cup-cone-machine\/\" tabindex=\"-1\" > \t\t\t<div class=\"elementor-post__thumbnail\"><img loading=\"lazy\" decoding=\"async\" width=\"720\" height=\"540\" src=\"https:\/\/ice-cream-cones.com\/wp-content\/uploads\/2020\/07\/wafer-cup-cone-machine.jpg\" class=\"attachment-full size-full wp-image-722\" alt=\"Maschine f\u00fcr essbare Kaffeetassen\" title=\"\" srcset=\"https:\/\/ice-cream-cones.com\/wp-content\/uploads\/2020\/07\/wafer-cup-cone-machine.jpg 720w, https:\/\/ice-cream-cones.com\/wp-content\/uploads\/2020\/07\/wafer-cup-cone-machine-400x300.jpg 400w\" sizes=\"(max-width: 720px) 100vw, 720px\" \/><\/div> \t\t<\/a> \t\t\t\t<div class=\"elementor-post__text\"> \t\t\t\t<h3 class=\"elementor-post__title\"> \t\t\t<a href=\"https:\/\/ice-cream-cones.com\/de\/automatic-wafer-cup-cone-machine\/\" > \t\t\t\tAutomatische Maschine zur Herstellung von Waffelbechern | Maschine f\u00fcr essbare Kaffeetassen\t\t\t<\/a> \t\t<\/h3> \t\t\t\t<\/div> \t\t\t\t<\/article> \t\t\t\t<\/div> \t\t \t\t\t\t\t\t<\/div> \t\t\t\t<\/div> \t\t\t\t\t<\/div> \t\t\t\t<\/div> \t\t<div class=\"elementor-element elementor-element-5a21bc3 e-flex e-con-boxed e-con e-parent\" data-id=\"5a21bc3\" data-element_type=\"container\" data-e-type=\"container\"> \t\t\t\t\t<div class=\"e-con-inner\"> \t\t\t\t<div class=\"elementor-element elementor-element-494b06e elementor-widget elementor-widget-heading\" data-id=\"494b06e\" data-element_type=\"widget\" data-e-type=\"widget\" data-widget_type=\"heading.default\"> \t\t\t\t\t<h2 class=\"elementor-heading-title elementor-size-xxl\">Nachrichtenzentrum<\/h2>\t\t\t\t<\/div> \t\t\t\t<div class=\"elementor-element elementor-element-5b31bee elementor-widget-divider--view-line elementor-widget elementor-widget-divider\" data-id=\"5b31bee\" data-element_type=\"widget\" data-e-type=\"widget\" data-widget_type=\"divider.default\"> \t\t\t\t\t\t\t<div class=\"elementor-divider\"> \t\t\t<span class=\"elementor-divider-separator\"> \t\t\t\t\t\t<\/span> \t\t<\/div> \t\t\t\t\t\t<\/div> \t\t<div class=\"elementor-element elementor-element-eaf187f e-con-full e-flex e-con e-child\" data-id=\"eaf187f\" data-element_type=\"container\" data-e-type=\"container\"> \t\t<div class=\"elementor-element elementor-element-cc8f06f e-con-full e-flex e-con e-child\" data-id=\"cc8f06f\" data-element_type=\"container\" data-e-type=\"container\"> \t\t\t\t<div class=\"elementor-element elementor-element-433fe2c elementor-grid-6 elementor-posts--align-center elementor-grid-tablet-2 elementor-grid-mobile-1 elementor-posts--thumbnail-top elementor-widget elementor-widget-posts\" data-id=\"433fe2c\" data-element_type=\"widget\" data-e-type=\"widget\" data-settings=\"{&quot;classic_columns&quot;:&quot;6&quot;,&quot;classic_columns_tablet&quot;:&quot;2&quot;,&quot;classic_columns_mobile&quot;:&quot;1&quot;,&quot;classic_row_gap&quot;:{&quot;unit&quot;:&quot;px&quot;,&quot;size&quot;:35,&quot;sizes&quot;:[]},&quot;classic_row_gap_tablet&quot;:{&quot;unit&quot;:&quot;px&quot;,&quot;size&quot;:&quot;&quot;,&quot;sizes&quot;:[]},&quot;classic_row_gap_mobile&quot;:{&quot;unit&quot;:&quot;px&quot;,&quot;size&quot;:&quot;&quot;,&quot;sizes&quot;:[]}}\" data-widget_type=\"posts.classic\"> \t\t\t\t<div class=\"elementor-widget-container\"> \t\t\t\t\t\t\t<div class=\"elementor-posts-container elementor-posts elementor-posts--skin-classic elementor-grid\" role=\"list\"> \t\t\t\t<article class=\"elementor-post elementor-grid-item post-1048 post type-post status-publish format-standard has-post-thumbnail hentry category-products tag-commercial-soft-serve-machine tag-soft-ice-cream tag-soft-ice-cream-maker tag-soft-serve-ice-cream-machine\" role=\"listitem\"> \t\t\t\t<a class=\"elementor-post__thumbnail__link\" href=\"https:\/\/ice-cream-cones.com\/de\/best-commercial-soft-serve-ice-cream-machine-2\/\" tabindex=\"-1\" > \t\t\t<div class=\"elementor-post__thumbnail\"><img decoding=\"async\" width=\"720\" height=\"540\" src=\"https:\/\/ice-cream-cones.com\/wp-content\/uploads\/2021\/05\/commercial-soft-serve-ice-cream-machine.jpg\" class=\"attachment-full size-full wp-image-1083\" alt=\"kommerzielle Softeismaschine\" title=\"\" srcset=\"https:\/\/ice-cream-cones.com\/wp-content\/uploads\/2021\/05\/commercial-soft-serve-ice-cream-machine.jpg 720w, https:\/\/ice-cream-cones.com\/wp-content\/uploads\/2021\/05\/commercial-soft-serve-ice-cream-machine-400x300.jpg 400w\" sizes=\"(max-width: 720px) 100vw, 720px\" \/><\/div> \t\t<\/a> \t\t\t\t<div class=\"elementor-post__text\"> \t\t\t\t<h3 class=\"elementor-post__title\"> \t\t\t<a href=\"https:\/\/ice-cream-cones.com\/de\/best-commercial-soft-serve-ice-cream-machine-2\/\" > \t\t\t\tBeste gewerbliche Soft-Serve-Maschine | Professioneller Soft-Eiscreme-Maschinenhersteller\t\t\t<\/a> \t\t<\/h3> \t\t\t\t<\/div> \t\t\t\t<\/article> \t\t\t\t<article class=\"elementor-post elementor-grid-item post-1053 post type-post status-publish format-standard has-post-thumbnail hentry category-products tag-batch-ice-cream-freezer tag-commercial-ice-cream-freezer tag-gelato-making-equipment tag-hard-ice-cream-machine\" role=\"listitem\"> \t\t\t\t<a class=\"elementor-post__thumbnail__link\" href=\"https:\/\/ice-cream-cones.com\/de\/hard-ice-cream-maker\/\" tabindex=\"-1\" > \t\t\t<div class=\"elementor-post__thumbnail\"><img decoding=\"async\" width=\"720\" height=\"540\" src=\"https:\/\/ice-cream-cones.com\/wp-content\/uploads\/2021\/05\/commercial-hard-ice-cream-machine.jpg\" class=\"attachment-full size-full wp-image-1092\" alt=\"Harteismaschine\" title=\"\" srcset=\"https:\/\/ice-cream-cones.com\/wp-content\/uploads\/2021\/05\/commercial-hard-ice-cream-machine.jpg 720w, https:\/\/ice-cream-cones.com\/wp-content\/uploads\/2021\/05\/commercial-hard-ice-cream-machine-400x300.jpg 400w\" sizes=\"(max-width: 720px) 100vw, 720px\" \/><\/div> \t\t<\/a> \t\t\t\t<div class=\"elementor-post__text\"> \t\t\t\t<h3 class=\"elementor-post__title\"> \t\t\t<a href=\"https:\/\/ice-cream-cones.com\/de\/hard-ice-cream-maker\/\" > \t\t\t\tGewerbliche Hart-Eiscreme-Maschine | Gelato-Herstellungsger\u00e4te\t\t\t<\/a> \t\t<\/h3> \t\t\t\t<\/div> \t\t\t\t<\/article> \t\t\t\t<article class=\"elementor-post elementor-grid-item post-979 post type-post status-publish format-standard has-post-thumbnail hentry category-products tag-ice-cream-filling-machine\" role=\"listitem\"> \t\t\t\t<a class=\"elementor-post__thumbnail__link\" href=\"https:\/\/ice-cream-cones.com\/de\/rotary-ice-cream-cup-and-cone-filling-machine\/\" tabindex=\"-1\" > \t\t\t<div class=\"elementor-post__thumbnail\"><img loading=\"lazy\" decoding=\"async\" width=\"720\" height=\"540\" src=\"https:\/\/ice-cream-cones.com\/wp-content\/uploads\/2021\/04\/Rotary-ice-cream-cone-and-cup-filling-machine.jpg\" class=\"attachment-full size-full wp-image-988\" alt=\"Eisf\u00fcllmaschine\" title=\"\" srcset=\"https:\/\/ice-cream-cones.com\/wp-content\/uploads\/2021\/04\/Rotary-ice-cream-cone-and-cup-filling-machine.jpg 720w, https:\/\/ice-cream-cones.com\/wp-content\/uploads\/2021\/04\/Rotary-ice-cream-cone-and-cup-filling-machine-400x300.jpg 400w\" sizes=\"(max-width: 720px) 100vw, 720px\" \/><\/div> \t\t<\/a> \t\t\t\t<div class=\"elementor-post__text\"> \t\t\t\t<h3 class=\"elementor-post__title\"> \t\t\t<a href=\"https:\/\/ice-cream-cones.com\/de\/rotary-ice-cream-cup-and-cone-filling-machine\/\" > \t\t\t\tRotierende Eisbecher- und Kegelf\u00fcllmaschine\t\t\t<\/a> \t\t<\/h3> \t\t\t\t<\/div> \t\t\t\t<\/article> \t\t\t\t<article class=\"elementor-post elementor-grid-item post-977 post type-post status-publish format-standard has-post-thumbnail hentry category-products tag-continuous-ice-cream-freezer\" role=\"listitem\"> \t\t\t\t<a class=\"elementor-post__thumbnail__link\" href=\"https:\/\/ice-cream-cones.com\/de\/continuous-ice-cream-freezer\/\" tabindex=\"-1\" > \t\t\t<div class=\"elementor-post__thumbnail\"><img loading=\"lazy\" decoding=\"async\" width=\"720\" height=\"540\" src=\"https:\/\/ice-cream-cones.com\/wp-content\/uploads\/2021\/04\/freezer.jpg\" class=\"attachment-full size-full wp-image-1140\" alt=\"Eiscreme-Gefrierschrank\" title=\"\" srcset=\"https:\/\/ice-cream-cones.com\/wp-content\/uploads\/2021\/04\/freezer.jpg 720w, https:\/\/ice-cream-cones.com\/wp-content\/uploads\/2021\/04\/freezer-400x300.jpg 400w\" sizes=\"(max-width: 720px) 100vw, 720px\" \/><\/div> \t\t<\/a> \t\t\t\t<div class=\"elementor-post__text\"> \t\t\t\t<h3 class=\"elementor-post__title\"> \t\t\t<a href=\"https:\/\/ice-cream-cones.com\/de\/continuous-ice-cream-freezer\/\" > \t\t\t\tKontinuierlicher Eiscreme-Gefrierschrank | Industrielle Eismaschine\t\t\t<\/a> \t\t<\/h3> \t\t\t\t<\/div> \t\t\t\t<\/article> \t\t\t\t<article class=\"elementor-post elementor-grid-item post-691 post type-post status-publish format-standard has-post-thumbnail hentry category-products tag-wafer-cone-production-line\" role=\"listitem\"> \t\t\t\t<a class=\"elementor-post__thumbnail__link\" href=\"https:\/\/ice-cream-cones.com\/de\/automatic-mold-cone-production-line\/\" tabindex=\"-1\" > \t\t\t<div class=\"elementor-post__thumbnail\"><img loading=\"lazy\" decoding=\"async\" width=\"720\" height=\"540\" src=\"https:\/\/ice-cream-cones.com\/wp-content\/uploads\/2020\/07\/mold-cone-production-line.jpg\" class=\"attachment-full size-full wp-image-720\" alt=\"vollautomatische Waffelwaffelmaschine\" title=\"\" srcset=\"https:\/\/ice-cream-cones.com\/wp-content\/uploads\/2020\/07\/mold-cone-production-line.jpg 720w, https:\/\/ice-cream-cones.com\/wp-content\/uploads\/2020\/07\/mold-cone-production-line-400x300.jpg 400w\" sizes=\"(max-width: 720px) 100vw, 720px\" \/><\/div> \t\t<\/a> \t\t\t\t<div class=\"elementor-post__text\"> \t\t\t\t<h3 class=\"elementor-post__title\"> \t\t\t<a href=\"https:\/\/ice-cream-cones.com\/de\/automatic-mold-cone-production-line\/\" > \t\t\t\tHersteller einer vollautomatischen Eiswaffelt\u00fcten-Produktionslinie\t\t\t<\/a> \t\t<\/h3> \t\t\t\t<\/div> \t\t\t\t<\/article> \t\t\t\t<article class=\"elementor-post elementor-grid-item post-689 post type-post status-publish format-standard has-post-thumbnail hentry category-products tag-wafer-cup-making-machine\" role=\"listitem\"> \t\t\t\t<a class=\"elementor-post__thumbnail__link\" href=\"https:\/\/ice-cream-cones.com\/de\/automatic-wafer-cup-cone-machine\/\" tabindex=\"-1\" > \t\t\t<div class=\"elementor-post__thumbnail\"><img loading=\"lazy\" decoding=\"async\" width=\"720\" height=\"540\" src=\"https:\/\/ice-cream-cones.com\/wp-content\/uploads\/2020\/07\/wafer-cup-cone-machine.jpg\" class=\"attachment-full size-full wp-image-722\" alt=\"Maschine f\u00fcr essbare Kaffeetassen\" title=\"\" srcset=\"https:\/\/ice-cream-cones.com\/wp-content\/uploads\/2020\/07\/wafer-cup-cone-machine.jpg 720w, https:\/\/ice-cream-cones.com\/wp-content\/uploads\/2020\/07\/wafer-cup-cone-machine-400x300.jpg 400w\" sizes=\"(max-width: 720px) 100vw, 720px\" \/><\/div> \t\t<\/a> \t\t\t\t<div class=\"elementor-post__text\"> \t\t\t\t<h3 class=\"elementor-post__title\"> \t\t\t<a href=\"https:\/\/ice-cream-cones.com\/de\/automatic-wafer-cup-cone-machine\/\" > \t\t\t\tAutomatische Maschine zur Herstellung von Waffelbechern | Maschine f\u00fcr essbare Kaffeetassen\t\t\t<\/a> \t\t<\/h3> \t\t\t\t<\/div> \t\t\t\t<\/article> \t\t\t\t<\/div> \t\t \t\t\t\t\t\t<\/div> \t\t\t\t<\/div> \t\t\t\t<\/div> \t\t<div class=\"elementor-element elementor-element-b0a8767 e-con-full e-flex e-con e-child\" data-id=\"b0a8767\" data-element_type=\"container\" data-e-type=\"container\" data-settings=\"{&quot;background_background&quot;:&quot;classic&quot;}\"> \t\t\t\t<div class=\"elementor-element elementor-element-f5d5520 elementor-widget elementor-widget-text-editor\" data-id=\"f5d5520\" data-element_type=\"widget\" data-e-type=\"widget\" data-widget_type=\"text-editor.default\"> \t\t\t\t\t\t\t\t\t<a style=\"color:#fff;\" href=\"https:\/\/ice-cream-cones.com\/de\/news\/\">Lesen Sie mehr\u00a0 &gt;&gt;&gt;<\/a>\t\t\t\t\t\t\t\t<\/div> \t\t\t\t<\/div> \t\t\t\t<\/div> \t\t\t\t\t<\/div> \t\t\t\t<\/div> \t\t\t\t<\/div>","protected":false},"excerpt":{"rendered":"<p>Taizy\u00ae Professional Ice Cream Ceges Machine Hersteller Wir sind auf die Entwicklung und Produktion von Eiscreme -Zapfen -Maschinen spezialisiert, willkommen bei Verhandlungen und Senden<\/p>","protected":false},"author":1,"featured_media":0,"parent":0,"menu_order":0,"comment_status":"closed","ping_status":"closed","template":"","meta":{"footnotes":""},"class_list":["post-592","page","type-page","status-publish","hentry"],"_links":{"self":[{"href":"https:\/\/ice-cream-cones.com\/de\/wp-json\/wp\/v2\/pages\/592","targetHints":{"allow":["GET"]}}],"collection":[{"href":"https:\/\/ice-cream-cones.com\/de\/wp-json\/wp\/v2\/pages"}],"about":[{"href":"https:\/\/ice-cream-cones.com\/de\/wp-json\/wp\/v2\/types\/page"}],"author":[{"embeddable":true,"href":"https:\/\/ice-cream-cones.com\/de\/wp-json\/wp\/v2\/users\/1"}],"replies":[{"embeddable":true,"href":"https:\/\/ice-cream-cones.com\/de\/wp-json\/wp\/v2\/comments?post=592"}],"version-history":[{"count":0,"href":"https:\/\/ice-cream-cones.com\/de\/wp-json\/wp\/v2\/pages\/592\/revisions"}],"wp:attachment":[{"href":"https:\/\/ice-cream-cones.com\/de\/wp-json\/wp\/v2\/media?parent=592"}],"curies":[{"name":"wp","href":"https:\/\/api.w.org\/{rel}","templated":true}]}}