{"id":20,"date":"2020-07-10T09:38:01","date_gmt":"2020-07-10T09:38:01","guid":{"rendered":"https:\/\/ice-cream-cones.com\/?page_id=20"},"modified":"2020-07-25T02:18:46","modified_gmt":"2020-07-25T02:18:46","slug":"about-us","status":"publish","type":"page","link":"https:\/\/ice-cream-cones.com\/de\/about-us\/","title":{"rendered":"\u00dcber uns"},"content":{"rendered":"<div data-elementor-type=\"wp-page\" data-elementor-id=\"20\" class=\"elementor elementor-20\" data-elementor-post-type=\"page\"> \t\t\t\t\t\t<section class=\"elementor-section elementor-top-section elementor-element elementor-element-9752965 elementor-section-boxed elementor-section-height-default elementor-section-height-default\" data-id=\"9752965\" data-element_type=\"section\" data-e-type=\"section\"> \t\t\t\t\t\t<div class=\"elementor-container elementor-column-gap-default\"> \t\t\t\t\t<div class=\"elementor-column elementor-col-100 elementor-top-column elementor-element elementor-element-6415525\" data-id=\"6415525\" data-element_type=\"column\" data-e-type=\"column\"> \t\t\t<div class=\"elementor-widget-wrap elementor-element-populated\"> \t\t\t\t\t\t<div class=\"elementor-element elementor-element-2c3debb elementor-widget elementor-widget-heading\" data-id=\"2c3debb\" data-element_type=\"widget\" data-e-type=\"widget\" data-widget_type=\"heading.default\"> \t\t\t\t\t<h2 class=\"elementor-heading-title elementor-size-default\">Taizy Machinery Co., Ltd.<\/h2>\t\t\t\t<\/div> \t\t\t\t<div class=\"elementor-element elementor-element-752e9dc elementor-widget-divider--view-line elementor-widget elementor-widget-divider\" data-id=\"752e9dc\" data-element_type=\"widget\" data-e-type=\"widget\" data-widget_type=\"divider.default\"> \t\t\t\t\t\t\t<div class=\"elementor-divider\"> \t\t\t<span class=\"elementor-divider-separator\"> \t\t\t\t\t\t<\/span> \t\t<\/div> \t\t\t\t\t\t<\/div> \t\t\t\t\t<\/div> \t\t<\/div> \t\t\t\t\t<\/div> \t\t<\/section> \t\t\t\t<section class=\"elementor-section elementor-top-section elementor-element elementor-element-1287766 elementor-section-boxed elementor-section-height-default elementor-section-height-default\" data-id=\"1287766\" data-element_type=\"section\" data-e-type=\"section\"> \t\t\t\t\t\t<div class=\"elementor-container elementor-column-gap-default\"> \t\t\t\t\t<div class=\"elementor-column elementor-col-100 elementor-top-column elementor-element elementor-element-5c3b247\" data-id=\"5c3b247\" data-element_type=\"column\" data-e-type=\"column\"> \t\t\t<div class=\"elementor-widget-wrap elementor-element-populated\"> \t\t\t\t\t\t<div class=\"elementor-element elementor-element-6581605 elementor-widget elementor-widget-image\" data-id=\"6581605\" data-element_type=\"widget\" data-e-type=\"widget\" data-widget_type=\"image.default\"> \t\t\t\t\t\t\t\t\t\t\t\t\t\t\t<img fetchpriority=\"high\" decoding=\"async\" width=\"800\" height=\"334\" src=\"https:\/\/ice-cream-cones.com\/wp-content\/uploads\/2020\/07\/Taizy-company-880x367.jpg\" class=\"attachment-large size-large wp-image-98\" alt=\"\" srcset=\"https:\/\/ice-cream-cones.com\/wp-content\/uploads\/2020\/07\/Taizy-company-880x367.jpg 880w, https:\/\/ice-cream-cones.com\/wp-content\/uploads\/2020\/07\/Taizy-company-440x183.jpg 440w, https:\/\/ice-cream-cones.com\/wp-content\/uploads\/2020\/07\/Taizy-company-768x320.jpg 768w, https:\/\/ice-cream-cones.com\/wp-content\/uploads\/2020\/07\/Taizy-company-1536x640.jpg 1536w, https:\/\/ice-cream-cones.com\/wp-content\/uploads\/2020\/07\/Taizy-company.jpg 1920w\" sizes=\"(max-width: 800px) 100vw, 800px\" title=\"\">\t\t\t\t\t\t\t\t\t\t\t\t\t\t\t<\/div> \t\t\t\t\t<\/div> \t\t<\/div> \t\t\t\t\t<\/div> \t\t<\/section> \t\t\t\t<section class=\"elementor-section elementor-top-section elementor-element elementor-element-5d5ac8f elementor-section-boxed elementor-section-height-default elementor-section-height-default\" data-id=\"5d5ac8f\" data-element_type=\"section\" data-e-type=\"section\"> \t\t\t\t\t\t<div class=\"elementor-container elementor-column-gap-default\"> \t\t\t\t\t<div class=\"elementor-column elementor-col-100 elementor-top-column elementor-element elementor-element-de8b005\" data-id=\"de8b005\" data-element_type=\"column\" data-e-type=\"column\"> \t\t\t<div class=\"elementor-widget-wrap elementor-element-populated\"> \t\t\t\t\t\t<div class=\"elementor-element elementor-element-0403ad0 elementor-widget elementor-widget-text-editor\" data-id=\"0403ad0\" data-element_type=\"widget\" data-e-type=\"widget\" data-widget_type=\"text-editor.default\"> \t\t\t\t\t\t\t\t\t<p>Zhengzhou Taizy Machinery Co., Ltd. ist ein umfassendes Unternehmen, das in den Bereichen Produktion, Forschung und Entwicklung, Herstellung und Vertrieb t\u00e4tig ist. Unser Unternehmen besch\u00e4ftigt sich seit mehr als zehn Jahren mit der Herstellung und dem Vertrieb von Eist\u00fctenmaschinen. Unser Ziel ist es, unseren Kunden qualitativ hochwertige und hocheffiziente Eist\u00fctenmaschinen anzubieten.<\/p>\t\t\t\t\t\t\t\t<\/div> \t\t\t\t\t<\/div> \t\t<\/div> \t\t\t\t\t<\/div> \t\t<\/section> \t\t\t\t<section class=\"elementor-section elementor-top-section elementor-element elementor-element-f36afc5 elementor-section-boxed elementor-section-height-default elementor-section-height-default\" data-id=\"f36afc5\" data-element_type=\"section\" data-e-type=\"section\"> \t\t\t\t\t\t<div class=\"elementor-container elementor-column-gap-default\"> \t\t\t\t\t<div class=\"elementor-column elementor-col-100 elementor-top-column elementor-element elementor-element-c129986\" data-id=\"c129986\" data-element_type=\"column\" data-e-type=\"column\"> \t\t\t<div class=\"elementor-widget-wrap elementor-element-populated\"> \t\t\t\t\t\t<div class=\"elementor-element elementor-element-88610b7 elementor-widget elementor-widget-heading\" data-id=\"88610b7\" data-element_type=\"widget\" data-e-type=\"widget\" data-widget_type=\"heading.default\"> \t\t\t\t\t<h2 class=\"elementor-heading-title elementor-size-default\">Unsere Produkte und unser Markt<\/h2>\t\t\t\t<\/div> \t\t\t\t<div class=\"elementor-element elementor-element-c8db25a elementor-widget elementor-widget-text-editor\" data-id=\"c8db25a\" data-element_type=\"widget\" data-e-type=\"widget\" data-widget_type=\"text-editor.default\"> \t\t\t\t\t\t\t\t\t<p>Wir stellen unseren Kunden Maschinen zur Verf\u00fcgung, die verschiedene Kegelformen herstellen. Zum Beispiel Tassenform, Schalenform, Blume oder andere Kegelformen. Unsere Hauptprodukte sind Waffelt\u00fctenmaschinen und Knuspert\u00fctenmaschinen. Wir stellen unseren Kunden nicht nur eine einzige Maschine in der Produktionslinie zur Verf\u00fcgung, sondern integrieren auch eine Produktionslinie, die aus einer Vielzahl von Ger\u00e4ten besteht.<\/p> <p>Derzeit wird unsere Maschine nach Indonesien, Dubai, Sri Lanka, Serbien, Argentinien, in die Niederlande, nach Neuseeland, in die Vereinigten Staaten, nach Kanada und in andere L\u00e4nder exportiert.<\/p>\t\t\t\t\t\t\t\t<\/div> \t\t\t\t<div class=\"elementor-element elementor-element-6e32cf0 elementor-widget elementor-widget-heading\" data-id=\"6e32cf0\" data-element_type=\"widget\" data-e-type=\"widget\" data-widget_type=\"heading.default\"> \t\t\t\t\t<h2 class=\"elementor-heading-title elementor-size-default\">Unser F&amp;E-Team<\/h2>\t\t\t\t<\/div> \t\t\t\t<div class=\"elementor-element elementor-element-4575dfe elementor-widget elementor-widget-text-editor\" data-id=\"4575dfe\" data-element_type=\"widget\" data-e-type=\"widget\" data-widget_type=\"text-editor.default\"> \t\t\t\t\t\t\t\t\t<p>Wir sind bestrebt, unseren Kunden qualitativ hochwertige Maschinen anzubieten. Deshalb investieren wir viel in herausragende Mechanikexperten als Berater. Und im Produktionsprozess h\u00f6ren wir auf das Feedback unserer Kunden und verbessern das Maschinendesign st\u00e4ndig. Nach Jahren harter Arbeit haben wir relativ ausgereifte und perfekte Maschinen hergestellt und unsere Maschinen werden im In- und Ausland verkauft.<\/p> <p>Derzeit wird unsere Maschine nach Indonesien, Dubai, Sri Lanka, Serbien, Argentinien, in die Niederlande, nach Neuseeland, in die Vereinigten Staaten, nach Kanada und in andere L\u00e4nder exportiert.<\/p>\t\t\t\t\t\t\t\t<\/div> \t\t\t\t<div class=\"elementor-element elementor-element-80317f3 elementor-widget elementor-widget-heading\" data-id=\"80317f3\" data-element_type=\"widget\" data-e-type=\"widget\" data-widget_type=\"heading.default\"> \t\t\t\t\t<h2 class=\"elementor-heading-title elementor-size-default\">Unser Service<\/h2>\t\t\t\t<\/div> \t\t\t\t<div class=\"elementor-element elementor-element-6984c1a elementor-widget elementor-widget-text-editor\" data-id=\"6984c1a\" data-element_type=\"widget\" data-e-type=\"widget\" data-widget_type=\"text-editor.default\"> \t\t\t\t\t\t\t\t\t<p>Unser Unternehmen legt stets Wert darauf, sich auf die Bed\u00fcrfnisse und Interessen der Kunden zu konzentrieren. Im Verkaufsprozess achten wir auf eine aufrichtige Haltung, hervorragende Qualit\u00e4t und perfekten Service. Wir bieten unseren Kunden ein umfassendes Leistungsspektrum vom Vorverkauf bis zum Nachverkauf. Wir k\u00f6nnen einzigartige Designl\u00f6sungen f\u00fcr Kunden anpassen, detaillierte Angebote entsprechend den Kundenanforderungen erstellen, Maschinenplatzierungszeichnungen bereitstellen und sorgf\u00e4ltige Kundendienstberatung entsprechend den Kundenstandorten anbieten.<\/p>\t\t\t\t\t\t\t\t<\/div> \t\t\t\t\t<\/div> \t\t<\/div> \t\t\t\t\t<\/div> \t\t<\/section> \t\t\t\t<\/div>","protected":false},"excerpt":{"rendered":"<p>Taizy Machinery Co.,Ltd. Zhengzhou Taizy Machinery Co., Ltd. is a comprehensive company that involved in the production, research, and development, manufacturing, and sales. Our company has been engaged in the production and sales of ice cream cone machines for more than ten years. Our goal is to provide customers with high quality and high-efficiency ice [&hellip;]<\/p>\n","protected":false},"author":1,"featured_media":0,"parent":0,"menu_order":0,"comment_status":"closed","ping_status":"closed","template":"elementor_header_footer","meta":{"footnotes":""},"class_list":["post-20","page","type-page","status-publish","hentry"],"_links":{"self":[{"href":"https:\/\/ice-cream-cones.com\/de\/wp-json\/wp\/v2\/pages\/20","targetHints":{"allow":["GET"]}}],"collection":[{"href":"https:\/\/ice-cream-cones.com\/de\/wp-json\/wp\/v2\/pages"}],"about":[{"href":"https:\/\/ice-cream-cones.com\/de\/wp-json\/wp\/v2\/types\/page"}],"author":[{"embeddable":true,"href":"https:\/\/ice-cream-cones.com\/de\/wp-json\/wp\/v2\/users\/1"}],"replies":[{"embeddable":true,"href":"https:\/\/ice-cream-cones.com\/de\/wp-json\/wp\/v2\/comments?post=20"}],"version-history":[{"count":0,"href":"https:\/\/ice-cream-cones.com\/de\/wp-json\/wp\/v2\/pages\/20\/revisions"}],"wp:attachment":[{"href":"https:\/\/ice-cream-cones.com\/de\/wp-json\/wp\/v2\/media?parent=20"}],"curies":[{"name":"wp","href":"https:\/\/api.w.org\/{rel}","templated":true}]}}